{"id":498,"date":"2022-06-30T18:11:32","date_gmt":"2022-06-30T17:11:32","guid":{"rendered":"https:\/\/basket-club-estuaire-gironde.fr\/?page_id=498"},"modified":"2022-09-21T20:11:02","modified_gmt":"2022-09-21T19:11:02","slug":"loto","status":"publish","type":"page","link":"https:\/\/basket-club-estuaire-gironde.fr\/?page_id=498","title":{"rendered":"Loto"},"content":{"rendered":"\n<p class=\"has-medium-font-size\">Le club organise, chaque ann\u00e9e, un loto, \u00e0 la salle des f\u00eates de Braud et St Louis, ou de Saint Ciers sur Gironde.&nbsp;Nous acceptons \u00e0 cette occasion vos lots tout au long de l&rsquo;ann\u00e9e.<\/p>\n\n\n\n<p class=\"has-medium-font-size\">Les b\u00e9n\u00e9fices de cette manifestation nous permettent d&rsquo;acheter du mat\u00e9riel pour le club.<\/p>\n\n\n\n<figure class=\"wp-block-gallery has-nested-images columns-3 is-cropped wp-block-gallery-1 is-layout-flex wp-block-gallery-is-layout-flex\">\n<figure class=\"wp-block-image size-full\" style=\"border-radius:10px\"><img loading=\"lazy\" decoding=\"async\" width=\"250\" height=\"333\" data-id=\"510\" src=\"https:\/\/basket-club-estuaire-gironde.fr\/wp-content\/uploads\/2022\/06\/180419_110042-3.jpg\" alt=\"\" class=\"wp-image-510\" srcset=\"https:\/\/basket-club-estuaire-gironde.fr\/wp-content\/uploads\/2022\/06\/180419_110042-3.jpg 250w, https:\/\/basket-club-estuaire-gironde.fr\/wp-content\/uploads\/2022\/06\/180419_110042-3-225x300.jpg 225w\" sizes=\"auto, (max-width: 250px) 100vw, 250px\" \/><\/figure>\n\n\n\n<figure class=\"wp-block-image size-full\" style=\"border-radius:15px\"><img loading=\"lazy\" decoding=\"async\" width=\"1000\" height=\"667\" data-id=\"501\" src=\"https:\/\/basket-club-estuaire-gironde.fr\/wp-content\/uploads\/2022\/06\/120616_130854.jpg\" alt=\"\" class=\"wp-image-501\" srcset=\"https:\/\/basket-club-estuaire-gironde.fr\/wp-content\/uploads\/2022\/06\/120616_130854.jpg 1000w, https:\/\/basket-club-estuaire-gironde.fr\/wp-content\/uploads\/2022\/06\/120616_130854-300x200.jpg 300w, https:\/\/basket-club-estuaire-gironde.fr\/wp-content\/uploads\/2022\/06\/120616_130854-768x512.jpg 768w\" sizes=\"auto, (max-width: 1000px) 100vw, 1000px\" \/><\/figure>\n\n\n\n<figure class=\"wp-block-image size-full\" style=\"border-radius:10px\"><img loading=\"lazy\" decoding=\"async\" width=\"382\" height=\"374\" data-id=\"508\" src=\"https:\/\/basket-club-estuaire-gironde.fr\/wp-content\/uploads\/2022\/06\/180419_105943-1-edited.jpg\" alt=\"\" class=\"wp-image-508\" srcset=\"https:\/\/basket-club-estuaire-gironde.fr\/wp-content\/uploads\/2022\/06\/180419_105943-1-edited.jpg 382w, https:\/\/basket-club-estuaire-gironde.fr\/wp-content\/uploads\/2022\/06\/180419_105943-1-edited-300x294.jpg 300w\" sizes=\"auto, (max-width: 382px) 100vw, 382px\" \/><\/figure>\n\n\n\n<figure class=\"wp-block-image size-large\" style=\"border-radius:30px\"><img loading=\"lazy\" decoding=\"async\" width=\"1000\" height=\"235\" data-id=\"511\" src=\"https:\/\/basket-club-estuaire-gironde.fr\/wp-content\/uploads\/2022\/06\/180419_105317-1.jpg\" alt=\"\" class=\"wp-image-511\" srcset=\"https:\/\/basket-club-estuaire-gironde.fr\/wp-content\/uploads\/2022\/06\/180419_105317-1.jpg 1000w, https:\/\/basket-club-estuaire-gironde.fr\/wp-content\/uploads\/2022\/06\/180419_105317-1-300x71.jpg 300w, https:\/\/basket-club-estuaire-gironde.fr\/wp-content\/uploads\/2022\/06\/180419_105317-1-768x180.jpg 768w\" sizes=\"auto, (max-width: 1000px) 100vw, 1000px\" \/><\/figure>\n<\/figure>\n\n\n\n<p>Pour plus d&rsquo;informations contacter Nad\u00e8ge Dauga au 06.88.91.36.48<\/p>\n","protected":false},"excerpt":{"rendered":"<p>Le club organise, chaque ann\u00e9e, un loto, \u00e0 la salle des f\u00eates de Braud et St Louis, ou de Saint Ciers sur Gironde.&nbsp;Nous acceptons \u00e0 cette occasion vos lots tout au long de l&rsquo;ann\u00e9e. Les b\u00e9n\u00e9fices de cette manifestation nous permettent d&rsquo;acheter du mat\u00e9riel pour le club. Pour plus d&rsquo;informations contacter Nad\u00e8ge Dauga au 06.88.91.36.48<\/p>\n","protected":false},"author":2,"featured_media":0,"parent":210,"menu_order":4,"comment_status":"closed","ping_status":"closed","template":"","meta":{"om_disable_all_campaigns":false,"_mi_skip_tracking":false,"site-sidebar-layout":"default","site-content-layout":"default","ast-global-header-display":"","ast-main-header-display":"","ast-hfb-above-header-display":"","ast-hfb-below-header-display":"","ast-hfb-mobile-header-display":"","site-post-title":"","ast-breadcrumbs-content":"","ast-featured-img":"","footer-sml-layout":"","theme-transparent-header-meta":"","adv-header-id-meta":"","stick-header-meta":"","header-above-stick-meta":"","header-main-stick-meta":"","header-below-stick-meta":"","footnotes":""},"class_list":["post-498","page","type-page","status-publish","hentry"],"aioseo_notices":[],"_links":{"self":[{"href":"https:\/\/basket-club-estuaire-gironde.fr\/index.php?rest_route=\/wp\/v2\/pages\/498","targetHints":{"allow":["GET"]}}],"collection":[{"href":"https:\/\/basket-club-estuaire-gironde.fr\/index.php?rest_route=\/wp\/v2\/pages"}],"about":[{"href":"https:\/\/basket-club-estuaire-gironde.fr\/index.php?rest_route=\/wp\/v2\/types\/page"}],"author":[{"embeddable":true,"href":"https:\/\/basket-club-estuaire-gironde.fr\/index.php?rest_route=\/wp\/v2\/users\/2"}],"replies":[{"embeddable":true,"href":"https:\/\/basket-club-estuaire-gironde.fr\/index.php?rest_route=%2Fwp%2Fv2%2Fcomments&post=498"}],"version-history":[{"count":2,"href":"https:\/\/basket-club-estuaire-gironde.fr\/index.php?rest_route=\/wp\/v2\/pages\/498\/revisions"}],"predecessor-version":[{"id":606,"href":"https:\/\/basket-club-estuaire-gironde.fr\/index.php?rest_route=\/wp\/v2\/pages\/498\/revisions\/606"}],"up":[{"embeddable":true,"href":"https:\/\/basket-club-estuaire-gironde.fr\/index.php?rest_route=\/wp\/v2\/pages\/210"}],"wp:attachment":[{"href":"https:\/\/basket-club-estuaire-gironde.fr\/index.php?rest_route=%2Fwp%2Fv2%2Fmedia&parent=498"}],"curies":[{"name":"wp","href":"https:\/\/api.w.org\/{rel}","templated":true}]}}