{"id":296,"date":"2022-06-13T14:49:55","date_gmt":"2022-06-13T13:49:55","guid":{"rendered":"https:\/\/basket-club-estuaire-gironde.fr\/?page_id=296"},"modified":"2022-06-30T18:12:42","modified_gmt":"2022-06-30T17:12:42","slug":"journee-des-associations","status":"publish","type":"page","link":"https:\/\/basket-club-estuaire-gironde.fr\/?page_id=296","title":{"rendered":"Journ\u00e9e des associations"},"content":{"rendered":"\n<div class=\"wp-block-media-text alignwide is-stacked-on-mobile\" style=\"grid-template-columns:33% auto\"><figure class=\"wp-block-media-text__media\"><img loading=\"lazy\" decoding=\"async\" width=\"250\" height=\"444\" src=\"https:\/\/basket-club-estuaire-gironde.fr\/wp-content\/uploads\/2022\/06\/170920_140834-1.jpg\" alt=\"\" class=\"wp-image-496 size-full\" srcset=\"https:\/\/basket-club-estuaire-gironde.fr\/wp-content\/uploads\/2022\/06\/170920_140834-1.jpg 250w, https:\/\/basket-club-estuaire-gironde.fr\/wp-content\/uploads\/2022\/06\/170920_140834-1-169x300.jpg 169w\" sizes=\"auto, (max-width: 250px) 100vw, 250px\" \/><\/figure><div class=\"wp-block-media-text__content\">\n<p class=\"has-medium-font-size\">Manifestation organis\u00e9e chaque ann\u00e9e par la ville de Saint Ciers sur Gironde, le village des Associations est l&rsquo;occasion pour les associations sportives de faire d\u00e9couvrir leur club. Pour la mairie c&rsquo;est aussi l&rsquo;opportunit\u00e9 pour c\u00e9l\u00e9brer les meilleurs sportifs de l&rsquo;ann\u00e9e de chaque association.<br><br>Au programme pour notre club :<br>&nbsp;&nbsp; &#8211; des concours de paniers pour petits et grands<br>&nbsp;&nbsp; &#8211; des parcours de dribbles chronom\u00e9tr\u00e9s<br>&nbsp;&nbsp; &#8211; et pleins d&rsquo;autres ateliers autour du basket<\/p>\n<\/div><\/div>\n\n\n\n<figure class=\"wp-block-gallery has-nested-images columns-default is-cropped wp-block-gallery-1 is-layout-flex wp-block-gallery-is-layout-flex\">\n<figure class=\"wp-block-image size-full is-style-default\" style=\"border-radius:10px\"><img loading=\"lazy\" decoding=\"async\" width=\"500\" height=\"167\" data-id=\"494\" src=\"https:\/\/basket-club-estuaire-gironde.fr\/wp-content\/uploads\/2022\/06\/180917_173710.jpg\" alt=\"\" class=\"wp-image-494\" srcset=\"https:\/\/basket-club-estuaire-gironde.fr\/wp-content\/uploads\/2022\/06\/180917_173710.jpg 500w, https:\/\/basket-club-estuaire-gironde.fr\/wp-content\/uploads\/2022\/06\/180917_173710-300x100.jpg 300w\" sizes=\"auto, (max-width: 500px) 100vw, 500px\" \/><\/figure>\n\n\n\n<figure class=\"wp-block-image size-full\" style=\"border-radius:10px\"><img loading=\"lazy\" decoding=\"async\" width=\"500\" height=\"281\" data-id=\"495\" src=\"https:\/\/basket-club-estuaire-gironde.fr\/wp-content\/uploads\/2022\/06\/170920_141023.jpg\" alt=\"\" class=\"wp-image-495\" srcset=\"https:\/\/basket-club-estuaire-gironde.fr\/wp-content\/uploads\/2022\/06\/170920_141023.jpg 500w, https:\/\/basket-club-estuaire-gironde.fr\/wp-content\/uploads\/2022\/06\/170920_141023-300x169.jpg 300w\" sizes=\"auto, (max-width: 500px) 100vw, 500px\" \/><\/figure>\n<\/figure>\n","protected":false},"excerpt":{"rendered":"<p>Manifestation organis\u00e9e chaque ann\u00e9e par la ville de Saint Ciers sur Gironde, le village des Associations est l&rsquo;occasion pour les associations sportives de faire d\u00e9couvrir leur club. Pour la mairie c&rsquo;est aussi l&rsquo;opportunit\u00e9 pour c\u00e9l\u00e9brer les meilleurs sportifs de l&rsquo;ann\u00e9e de chaque association. Au programme pour notre club :&nbsp;&nbsp; &#8211; des concours de paniers pour &hellip;<\/p>\n<p class=\"read-more\"> <a class=\"\" href=\"https:\/\/basket-club-estuaire-gironde.fr\/?page_id=296\"> <span class=\"screen-reader-text\">Journ\u00e9e des associations<\/span> Lire la suite\u00a0\u00bb<\/a><\/p>\n","protected":false},"author":2,"featured_media":0,"parent":210,"menu_order":5,"comment_status":"closed","ping_status":"closed","template":"","meta":{"om_disable_all_campaigns":false,"_mi_skip_tracking":false,"site-sidebar-layout":"default","site-content-layout":"default","ast-global-header-display":"","ast-main-header-display":"","ast-hfb-above-header-display":"","ast-hfb-below-header-display":"","ast-hfb-mobile-header-display":"","site-post-title":"","ast-breadcrumbs-content":"","ast-featured-img":"","footer-sml-layout":"","theme-transparent-header-meta":"","adv-header-id-meta":"","stick-header-meta":"","header-above-stick-meta":"","header-main-stick-meta":"","header-below-stick-meta":"","footnotes":""},"class_list":["post-296","page","type-page","status-publish","hentry"],"aioseo_notices":[],"_links":{"self":[{"href":"https:\/\/basket-club-estuaire-gironde.fr\/index.php?rest_route=\/wp\/v2\/pages\/296","targetHints":{"allow":["GET"]}}],"collection":[{"href":"https:\/\/basket-club-estuaire-gironde.fr\/index.php?rest_route=\/wp\/v2\/pages"}],"about":[{"href":"https:\/\/basket-club-estuaire-gironde.fr\/index.php?rest_route=\/wp\/v2\/types\/page"}],"author":[{"embeddable":true,"href":"https:\/\/basket-club-estuaire-gironde.fr\/index.php?rest_route=\/wp\/v2\/users\/2"}],"replies":[{"embeddable":true,"href":"https:\/\/basket-club-estuaire-gironde.fr\/index.php?rest_route=%2Fwp%2Fv2%2Fcomments&post=296"}],"version-history":[{"count":2,"href":"https:\/\/basket-club-estuaire-gironde.fr\/index.php?rest_route=\/wp\/v2\/pages\/296\/revisions"}],"predecessor-version":[{"id":497,"href":"https:\/\/basket-club-estuaire-gironde.fr\/index.php?rest_route=\/wp\/v2\/pages\/296\/revisions\/497"}],"up":[{"embeddable":true,"href":"https:\/\/basket-club-estuaire-gironde.fr\/index.php?rest_route=\/wp\/v2\/pages\/210"}],"wp:attachment":[{"href":"https:\/\/basket-club-estuaire-gironde.fr\/index.php?rest_route=%2Fwp%2Fv2%2Fmedia&parent=296"}],"curies":[{"name":"wp","href":"https:\/\/api.w.org\/{rel}","templated":true}]}}