{"id":294,"date":"2022-06-13T14:49:12","date_gmt":"2022-06-13T13:49:12","guid":{"rendered":"https:\/\/basket-club-estuaire-gironde.fr\/?page_id=294"},"modified":"2022-06-30T17:57:03","modified_gmt":"2022-06-30T16:57:03","slug":"portes-ouvertes","status":"publish","type":"page","link":"https:\/\/basket-club-estuaire-gironde.fr\/?page_id=294","title":{"rendered":"Portes ouvertes"},"content":{"rendered":"\n<div class=\"wp-block-media-text alignwide has-media-on-the-right is-stacked-on-mobile\"><figure class=\"wp-block-media-text__media\"><img loading=\"lazy\" decoding=\"async\" width=\"1000\" height=\"750\" src=\"https:\/\/basket-club-estuaire-gironde.fr\/wp-content\/uploads\/2022\/06\/161001_204411.jpg\" alt=\"\" class=\"wp-image-488 size-full\" srcset=\"https:\/\/basket-club-estuaire-gironde.fr\/wp-content\/uploads\/2022\/06\/161001_204411.jpg 1000w, https:\/\/basket-club-estuaire-gironde.fr\/wp-content\/uploads\/2022\/06\/161001_204411-300x225.jpg 300w, https:\/\/basket-club-estuaire-gironde.fr\/wp-content\/uploads\/2022\/06\/161001_204411-768x576.jpg 768w\" sizes=\"auto, (max-width: 1000px) 100vw, 1000px\" \/><\/figure><div class=\"wp-block-media-text__content\">\n<p class=\"has-medium-font-size\">Le tournoi des familles a lieu chaque ann\u00e9e au gymnase de Saint Ciers sur Gironde. Programm\u00e9 en d\u00e9but de saison, il permet \u00e0 tous de se rencontrer et faire connaissance lors d&rsquo;une journ\u00e9e consacr\u00e9e au basket.<\/p>\n\n\n\n<p class=\"has-medium-font-size\">C&rsquo;est l&rsquo;occasion de faire des matchs entre petits ou grands mais aussi de s&rsquo;amuser dans une ambiance festive.<\/p>\n<\/div><\/div>\n\n\n\n<div class=\"wp-block-media-text alignwide is-stacked-on-mobile\"><figure class=\"wp-block-media-text__media\"><img loading=\"lazy\" decoding=\"async\" width=\"500\" height=\"375\" src=\"https:\/\/basket-club-estuaire-gironde.fr\/wp-content\/uploads\/2022\/06\/161001_204810.jpg\" alt=\"\" class=\"wp-image-489 size-full\" srcset=\"https:\/\/basket-club-estuaire-gironde.fr\/wp-content\/uploads\/2022\/06\/161001_204810.jpg 500w, https:\/\/basket-club-estuaire-gironde.fr\/wp-content\/uploads\/2022\/06\/161001_204810-300x225.jpg 300w\" sizes=\"auto, (max-width: 500px) 100vw, 500px\" \/><\/figure><div class=\"wp-block-media-text__content\">\n<p class=\"has-medium-font-size\">Pour plus d&rsquo;information contactez Stephan MAURY au 06.03.95.90.56<\/p>\n<\/div><\/div>\n","protected":false},"excerpt":{"rendered":"<p>Le tournoi des familles a lieu chaque ann\u00e9e au gymnase de Saint Ciers sur Gironde. Programm\u00e9 en d\u00e9but de saison, il permet \u00e0 tous de se rencontrer et faire connaissance lors d&rsquo;une journ\u00e9e consacr\u00e9e au basket. C&rsquo;est l&rsquo;occasion de faire des matchs entre petits ou grands mais aussi de s&rsquo;amuser dans une ambiance festive. Pour &hellip;<\/p>\n<p class=\"read-more\"> <a class=\"\" href=\"https:\/\/basket-club-estuaire-gironde.fr\/?page_id=294\"> <span class=\"screen-reader-text\">Portes ouvertes<\/span> Lire la suite\u00a0\u00bb<\/a><\/p>\n","protected":false},"author":2,"featured_media":0,"parent":210,"menu_order":3,"comment_status":"closed","ping_status":"closed","template":"","meta":{"om_disable_all_campaigns":false,"_mi_skip_tracking":false,"site-sidebar-layout":"default","site-content-layout":"default","ast-global-header-display":"","ast-main-header-display":"","ast-hfb-above-header-display":"","ast-hfb-below-header-display":"","ast-hfb-mobile-header-display":"","site-post-title":"","ast-breadcrumbs-content":"","ast-featured-img":"","footer-sml-layout":"","theme-transparent-header-meta":"","adv-header-id-meta":"","stick-header-meta":"","header-above-stick-meta":"","header-main-stick-meta":"","header-below-stick-meta":"","footnotes":""},"class_list":["post-294","page","type-page","status-publish","hentry"],"aioseo_notices":[],"_links":{"self":[{"href":"https:\/\/basket-club-estuaire-gironde.fr\/index.php?rest_route=\/wp\/v2\/pages\/294","targetHints":{"allow":["GET"]}}],"collection":[{"href":"https:\/\/basket-club-estuaire-gironde.fr\/index.php?rest_route=\/wp\/v2\/pages"}],"about":[{"href":"https:\/\/basket-club-estuaire-gironde.fr\/index.php?rest_route=\/wp\/v2\/types\/page"}],"author":[{"embeddable":true,"href":"https:\/\/basket-club-estuaire-gironde.fr\/index.php?rest_route=\/wp\/v2\/users\/2"}],"replies":[{"embeddable":true,"href":"https:\/\/basket-club-estuaire-gironde.fr\/index.php?rest_route=%2Fwp%2Fv2%2Fcomments&post=294"}],"version-history":[{"count":2,"href":"https:\/\/basket-club-estuaire-gironde.fr\/index.php?rest_route=\/wp\/v2\/pages\/294\/revisions"}],"predecessor-version":[{"id":490,"href":"https:\/\/basket-club-estuaire-gironde.fr\/index.php?rest_route=\/wp\/v2\/pages\/294\/revisions\/490"}],"up":[{"embeddable":true,"href":"https:\/\/basket-club-estuaire-gironde.fr\/index.php?rest_route=\/wp\/v2\/pages\/210"}],"wp:attachment":[{"href":"https:\/\/basket-club-estuaire-gironde.fr\/index.php?rest_route=%2Fwp%2Fv2%2Fmedia&parent=294"}],"curies":[{"name":"wp","href":"https:\/\/api.w.org\/{rel}","templated":true}]}}