{"id":291,"date":"2022-06-13T14:48:32","date_gmt":"2022-06-13T13:48:32","guid":{"rendered":"https:\/\/basket-club-estuaire-gironde.fr\/?page_id=291"},"modified":"2022-06-30T16:04:13","modified_gmt":"2022-06-30T15:04:13","slug":"tournoi-mimi-basket","status":"publish","type":"page","link":"https:\/\/basket-club-estuaire-gironde.fr\/?page_id=291","title":{"rendered":"Tournoi mini-basket"},"content":{"rendered":"\n<p>Ce tournoi r\u00e9serv\u00e9 aux mini-poussin(e)s et poussin(e)s se d\u00e9roule chaque ann\u00e9e.<br>Au programme :<br>\u00a0\u00a0 &#8211; du jeu<br>\u00a0\u00a0 &#8211; de la bonne humeur<br>\u00a0\u00a0 &#8211; de la convivialit\u00e9<br>La possibilit\u00e9 est offerte de se restaurer sur place pour un prix raisonnable, alors n&rsquo;h\u00e9sitez pas !<\/p>\n\n\n\n<figure class=\"wp-block-gallery has-nested-images columns-3 is-cropped wp-block-gallery-1 is-layout-flex wp-block-gallery-is-layout-flex\">\n<figure class=\"wp-block-image size-large\"><img loading=\"lazy\" decoding=\"async\" width=\"1024\" height=\"769\" data-id=\"482\" src=\"https:\/\/basket-club-estuaire-gironde.fr\/wp-content\/uploads\/2022\/06\/IMG_20211113_100605-1024x769.jpg\" alt=\"\" class=\"wp-image-482\" srcset=\"https:\/\/basket-club-estuaire-gironde.fr\/wp-content\/uploads\/2022\/06\/IMG_20211113_100605-1024x769.jpg 1024w, https:\/\/basket-club-estuaire-gironde.fr\/wp-content\/uploads\/2022\/06\/IMG_20211113_100605-300x225.jpg 300w, https:\/\/basket-club-estuaire-gironde.fr\/wp-content\/uploads\/2022\/06\/IMG_20211113_100605-768x577.jpg 768w, https:\/\/basket-club-estuaire-gironde.fr\/wp-content\/uploads\/2022\/06\/IMG_20211113_100605-1536x1153.jpg 1536w, https:\/\/basket-club-estuaire-gironde.fr\/wp-content\/uploads\/2022\/06\/IMG_20211113_100605-2048x1538.jpg 2048w\" sizes=\"auto, (max-width: 1024px) 100vw, 1024px\" \/><\/figure>\n\n\n\n<figure class=\"wp-block-image size-large\"><img loading=\"lazy\" decoding=\"async\" width=\"1024\" height=\"484\" data-id=\"483\" src=\"https:\/\/basket-club-estuaire-gironde.fr\/wp-content\/uploads\/2022\/06\/IMG-20211113-WA0015-1024x484.jpg\" alt=\"\" class=\"wp-image-483\" srcset=\"https:\/\/basket-club-estuaire-gironde.fr\/wp-content\/uploads\/2022\/06\/IMG-20211113-WA0015-1024x484.jpg 1024w, https:\/\/basket-club-estuaire-gironde.fr\/wp-content\/uploads\/2022\/06\/IMG-20211113-WA0015-300x142.jpg 300w, https:\/\/basket-club-estuaire-gironde.fr\/wp-content\/uploads\/2022\/06\/IMG-20211113-WA0015-768x363.jpg 768w, https:\/\/basket-club-estuaire-gironde.fr\/wp-content\/uploads\/2022\/06\/IMG-20211113-WA0015-1536x727.jpg 1536w, https:\/\/basket-club-estuaire-gironde.fr\/wp-content\/uploads\/2022\/06\/IMG-20211113-WA0015.jpg 1600w\" sizes=\"auto, (max-width: 1024px) 100vw, 1024px\" \/><\/figure>\n\n\n\n<figure class=\"wp-block-image size-large\"><img loading=\"lazy\" decoding=\"async\" width=\"1024\" height=\"484\" data-id=\"485\" src=\"https:\/\/basket-club-estuaire-gironde.fr\/wp-content\/uploads\/2022\/06\/IMG-20211113-WA0026-1024x484.jpg\" alt=\"\" class=\"wp-image-485\" srcset=\"https:\/\/basket-club-estuaire-gironde.fr\/wp-content\/uploads\/2022\/06\/IMG-20211113-WA0026-1024x484.jpg 1024w, https:\/\/basket-club-estuaire-gironde.fr\/wp-content\/uploads\/2022\/06\/IMG-20211113-WA0026-300x142.jpg 300w, https:\/\/basket-club-estuaire-gironde.fr\/wp-content\/uploads\/2022\/06\/IMG-20211113-WA0026-768x363.jpg 768w, https:\/\/basket-club-estuaire-gironde.fr\/wp-content\/uploads\/2022\/06\/IMG-20211113-WA0026-1536x727.jpg 1536w, https:\/\/basket-club-estuaire-gironde.fr\/wp-content\/uploads\/2022\/06\/IMG-20211113-WA0026.jpg 1600w\" sizes=\"auto, (max-width: 1024px) 100vw, 1024px\" \/><\/figure>\n\n\n\n<figure class=\"wp-block-image size-large\"><img loading=\"lazy\" decoding=\"async\" width=\"720\" height=\"720\" data-id=\"484\" src=\"https:\/\/basket-club-estuaire-gironde.fr\/wp-content\/uploads\/2022\/06\/IMG_20211120_175919_489.jpg\" alt=\"\" class=\"wp-image-484\" srcset=\"https:\/\/basket-club-estuaire-gironde.fr\/wp-content\/uploads\/2022\/06\/IMG_20211120_175919_489.jpg 720w, https:\/\/basket-club-estuaire-gironde.fr\/wp-content\/uploads\/2022\/06\/IMG_20211120_175919_489-300x300.jpg 300w, https:\/\/basket-club-estuaire-gironde.fr\/wp-content\/uploads\/2022\/06\/IMG_20211120_175919_489-150x150.jpg 150w\" sizes=\"auto, (max-width: 720px) 100vw, 720px\" \/><\/figure>\n\n\n\n<figure class=\"wp-block-image size-large\"><img loading=\"lazy\" decoding=\"async\" width=\"1080\" height=\"810\" data-id=\"481\" src=\"http:\/\/basket-club-estuaire-gironde.fr\/wp-content\/uploads\/2022\/06\/FB_IMG_1637094769476.jpg\" alt=\"\" class=\"wp-image-481\" srcset=\"https:\/\/basket-club-estuaire-gironde.fr\/wp-content\/uploads\/2022\/06\/FB_IMG_1637094769476.jpg 1080w, https:\/\/basket-club-estuaire-gironde.fr\/wp-content\/uploads\/2022\/06\/FB_IMG_1637094769476-300x225.jpg 300w, https:\/\/basket-club-estuaire-gironde.fr\/wp-content\/uploads\/2022\/06\/FB_IMG_1637094769476-1024x768.jpg 1024w, https:\/\/basket-club-estuaire-gironde.fr\/wp-content\/uploads\/2022\/06\/FB_IMG_1637094769476-768x576.jpg 768w\" sizes=\"auto, (max-width: 1080px) 100vw, 1080px\" \/><\/figure>\n<\/figure>\n","protected":false},"excerpt":{"rendered":"<p>Ce tournoi r\u00e9serv\u00e9 aux mini-poussin(e)s et poussin(e)s se d\u00e9roule chaque ann\u00e9e.Au programme :\u00a0\u00a0 &#8211; du jeu\u00a0\u00a0 &#8211; de la bonne humeur\u00a0\u00a0 &#8211; de la convivialit\u00e9La possibilit\u00e9 est offerte de se restaurer sur place pour un prix raisonnable, alors n&rsquo;h\u00e9sitez pas !<\/p>\n","protected":false},"author":2,"featured_media":0,"parent":210,"menu_order":2,"comment_status":"closed","ping_status":"closed","template":"","meta":{"om_disable_all_campaigns":false,"_mi_skip_tracking":false,"site-sidebar-layout":"default","site-content-layout":"default","ast-global-header-display":"","ast-main-header-display":"","ast-hfb-above-header-display":"","ast-hfb-below-header-display":"","ast-hfb-mobile-header-display":"","site-post-title":"","ast-breadcrumbs-content":"","ast-featured-img":"","footer-sml-layout":"","theme-transparent-header-meta":"","adv-header-id-meta":"","stick-header-meta":"","header-above-stick-meta":"","header-main-stick-meta":"","header-below-stick-meta":"","footnotes":""},"class_list":["post-291","page","type-page","status-publish","hentry"],"aioseo_notices":[],"_links":{"self":[{"href":"https:\/\/basket-club-estuaire-gironde.fr\/index.php?rest_route=\/wp\/v2\/pages\/291","targetHints":{"allow":["GET"]}}],"collection":[{"href":"https:\/\/basket-club-estuaire-gironde.fr\/index.php?rest_route=\/wp\/v2\/pages"}],"about":[{"href":"https:\/\/basket-club-estuaire-gironde.fr\/index.php?rest_route=\/wp\/v2\/types\/page"}],"author":[{"embeddable":true,"href":"https:\/\/basket-club-estuaire-gironde.fr\/index.php?rest_route=\/wp\/v2\/users\/2"}],"replies":[{"embeddable":true,"href":"https:\/\/basket-club-estuaire-gironde.fr\/index.php?rest_route=%2Fwp%2Fv2%2Fcomments&post=291"}],"version-history":[{"count":3,"href":"https:\/\/basket-club-estuaire-gironde.fr\/index.php?rest_route=\/wp\/v2\/pages\/291\/revisions"}],"predecessor-version":[{"id":486,"href":"https:\/\/basket-club-estuaire-gironde.fr\/index.php?rest_route=\/wp\/v2\/pages\/291\/revisions\/486"}],"up":[{"embeddable":true,"href":"https:\/\/basket-club-estuaire-gironde.fr\/index.php?rest_route=\/wp\/v2\/pages\/210"}],"wp:attachment":[{"href":"https:\/\/basket-club-estuaire-gironde.fr\/index.php?rest_route=%2Fwp%2Fv2%2Fmedia&parent=291"}],"curies":[{"name":"wp","href":"https:\/\/api.w.org\/{rel}","templated":true}]}}