{"id":289,"date":"2022-06-13T14:48:00","date_gmt":"2022-06-13T13:48:00","guid":{"rendered":"https:\/\/basket-club-estuaire-gironde.fr\/?page_id=289"},"modified":"2022-07-05T14:08:47","modified_gmt":"2022-07-05T13:08:47","slug":"stages","status":"publish","type":"page","link":"https:\/\/basket-club-estuaire-gironde.fr\/?page_id=289","title":{"rendered":"Stages"},"content":{"rendered":"\n<p>Les stages permettent de d\u00e9couvrir le basket ou de se perfectionner. Ils sont organis\u00e9s au gymnase de Blaye et de Saint Ciers sur Gironde.<br>Ils s&rsquo;adressent aux enfants des cat\u00e9gories U7 \u00e0 U20 !<\/p>\n\n\n\n<div class=\"wp-block-media-text alignwide is-stacked-on-mobile\" style=\"grid-template-columns:37% auto\"><figure class=\"wp-block-media-text__media\"><img loading=\"lazy\" decoding=\"async\" width=\"637\" height=\"902\" src=\"https:\/\/basket-club-estuaire-gironde.fr\/wp-content\/uploads\/2022\/06\/affiche-stage-perfectionnement.jpg\" alt=\"\" class=\"wp-image-474 size-full\" srcset=\"https:\/\/basket-club-estuaire-gironde.fr\/wp-content\/uploads\/2022\/06\/affiche-stage-perfectionnement.jpg 637w, https:\/\/basket-club-estuaire-gironde.fr\/wp-content\/uploads\/2022\/06\/affiche-stage-perfectionnement-212x300.jpg 212w\" sizes=\"auto, (max-width: 637px) 100vw, 637px\" \/><\/figure><div class=\"wp-block-media-text__content\">\n<p class=\"has-ast-global-color-0-color has-text-color has-medium-font-size\"><strong>Chaque 1\u00e8re semaine des vacances scolaires<\/strong> des stages sont organis\u00e9es dans le gymnase de Blaye et de Saint Ciers sur Gironde.<br><br>Merci de consulter nos r\u00e9seaux sociaux pour conna\u00eetre les dates et horaires des stages&#8230;<\/p>\n\n\n\n<p class=\"has-ast-global-color-0-color has-text-color has-medium-font-size\">ou de <strong>contacter Nicolas : 06 40 36 43 15<\/strong><\/p>\n\n\n\n<p><\/p>\n<\/div><\/div>\n\n\n\n<figure class=\"wp-block-gallery has-nested-images columns-default is-cropped wp-block-gallery-1 is-layout-flex wp-block-gallery-is-layout-flex\">\n<figure class=\"wp-block-image size-full\" style=\"border-radius:100px\"><img loading=\"lazy\" decoding=\"async\" width=\"2560\" height=\"1922\" data-id=\"477\" src=\"https:\/\/basket-club-estuaire-gironde.fr\/wp-content\/uploads\/2022\/06\/stage-basket-U911-scaled.jpg\" alt=\"\" class=\"wp-image-477\" srcset=\"https:\/\/basket-club-estuaire-gironde.fr\/wp-content\/uploads\/2022\/06\/stage-basket-U911-scaled.jpg 2560w, https:\/\/basket-club-estuaire-gironde.fr\/wp-content\/uploads\/2022\/06\/stage-basket-U911-300x225.jpg 300w, https:\/\/basket-club-estuaire-gironde.fr\/wp-content\/uploads\/2022\/06\/stage-basket-U911-1024x769.jpg 1024w, https:\/\/basket-club-estuaire-gironde.fr\/wp-content\/uploads\/2022\/06\/stage-basket-U911-768x577.jpg 768w, https:\/\/basket-club-estuaire-gironde.fr\/wp-content\/uploads\/2022\/06\/stage-basket-U911-1536x1153.jpg 1536w, https:\/\/basket-club-estuaire-gironde.fr\/wp-content\/uploads\/2022\/06\/stage-basket-U911-2048x1538.jpg 2048w\" sizes=\"auto, (max-width: 2560px) 100vw, 2560px\" \/><\/figure>\n\n\n\n<figure class=\"wp-block-image size-full\" style=\"border-radius:100px\"><img loading=\"lazy\" decoding=\"async\" width=\"1922\" height=\"2560\" data-id=\"476\" src=\"https:\/\/basket-club-estuaire-gironde.fr\/wp-content\/uploads\/2022\/06\/photo-de-gpe-stage-U911-scaled.jpg\" alt=\"\" class=\"wp-image-476\" srcset=\"https:\/\/basket-club-estuaire-gironde.fr\/wp-content\/uploads\/2022\/06\/photo-de-gpe-stage-U911-scaled.jpg 1922w, https:\/\/basket-club-estuaire-gironde.fr\/wp-content\/uploads\/2022\/06\/photo-de-gpe-stage-U911-225x300.jpg 225w, https:\/\/basket-club-estuaire-gironde.fr\/wp-content\/uploads\/2022\/06\/photo-de-gpe-stage-U911-769x1024.jpg 769w, https:\/\/basket-club-estuaire-gironde.fr\/wp-content\/uploads\/2022\/06\/photo-de-gpe-stage-U911-768x1023.jpg 768w, https:\/\/basket-club-estuaire-gironde.fr\/wp-content\/uploads\/2022\/06\/photo-de-gpe-stage-U911-1153x1536.jpg 1153w, https:\/\/basket-club-estuaire-gironde.fr\/wp-content\/uploads\/2022\/06\/photo-de-gpe-stage-U911-1538x2048.jpg 1538w\" sizes=\"auto, (max-width: 1922px) 100vw, 1922px\" \/><\/figure>\n\n\n\n<figure class=\"wp-block-image size-full\" style=\"border-radius:100px\"><img loading=\"lazy\" decoding=\"async\" width=\"2048\" height=\"1536\" data-id=\"475\" src=\"https:\/\/basket-club-estuaire-gironde.fr\/wp-content\/uploads\/2022\/06\/photo-de-gpe-stage-U1315.jpg\" alt=\"\" class=\"wp-image-475\" srcset=\"https:\/\/basket-club-estuaire-gironde.fr\/wp-content\/uploads\/2022\/06\/photo-de-gpe-stage-U1315.jpg 2048w, https:\/\/basket-club-estuaire-gironde.fr\/wp-content\/uploads\/2022\/06\/photo-de-gpe-stage-U1315-300x225.jpg 300w, https:\/\/basket-club-estuaire-gironde.fr\/wp-content\/uploads\/2022\/06\/photo-de-gpe-stage-U1315-1024x768.jpg 1024w, https:\/\/basket-club-estuaire-gironde.fr\/wp-content\/uploads\/2022\/06\/photo-de-gpe-stage-U1315-768x576.jpg 768w, https:\/\/basket-club-estuaire-gironde.fr\/wp-content\/uploads\/2022\/06\/photo-de-gpe-stage-U1315-1536x1152.jpg 1536w\" sizes=\"auto, (max-width: 2048px) 100vw, 2048px\" \/><\/figure>\n<\/figure>\n\n\n\n<figure class=\"wp-block-table is-style-regular\"><table class=\"has-ast-global-color-5-color has-text-color has-ast-global-color-0-border-color has-border-color has-fixed-layout\" style=\"border-style:solid\"><tbody><tr><td>Nicolas SANDOR<\/td><td>0640364315<\/td><\/tr><\/tbody><\/table><figcaption><strong>Contacter le pour plus d&rsquo;informations<\/strong><\/figcaption><\/figure>\n","protected":false},"excerpt":{"rendered":"<p>Les stages permettent de d\u00e9couvrir le basket ou de se perfectionner. Ils sont organis\u00e9s au gymnase de Blaye et de Saint Ciers sur Gironde.Ils s&rsquo;adressent aux enfants des cat\u00e9gories U7 \u00e0 U20 ! Chaque 1\u00e8re semaine des vacances scolaires des stages sont organis\u00e9es dans le gymnase de Blaye et de Saint Ciers sur Gironde. Merci &hellip;<\/p>\n<p class=\"read-more\"> <a class=\"\" href=\"https:\/\/basket-club-estuaire-gironde.fr\/?page_id=289\"> <span class=\"screen-reader-text\">Stages<\/span> Lire la suite\u00a0\u00bb<\/a><\/p>\n","protected":false},"author":2,"featured_media":0,"parent":210,"menu_order":1,"comment_status":"closed","ping_status":"closed","template":"","meta":{"om_disable_all_campaigns":false,"_mi_skip_tracking":false,"site-sidebar-layout":"default","site-content-layout":"default","ast-global-header-display":"","ast-main-header-display":"","ast-hfb-above-header-display":"","ast-hfb-below-header-display":"","ast-hfb-mobile-header-display":"","site-post-title":"","ast-breadcrumbs-content":"","ast-featured-img":"","footer-sml-layout":"","theme-transparent-header-meta":"","adv-header-id-meta":"","stick-header-meta":"","header-above-stick-meta":"","header-main-stick-meta":"","header-below-stick-meta":"","footnotes":""},"class_list":["post-289","page","type-page","status-publish","hentry"],"aioseo_notices":[],"_links":{"self":[{"href":"https:\/\/basket-club-estuaire-gironde.fr\/index.php?rest_route=\/wp\/v2\/pages\/289","targetHints":{"allow":["GET"]}}],"collection":[{"href":"https:\/\/basket-club-estuaire-gironde.fr\/index.php?rest_route=\/wp\/v2\/pages"}],"about":[{"href":"https:\/\/basket-club-estuaire-gironde.fr\/index.php?rest_route=\/wp\/v2\/types\/page"}],"author":[{"embeddable":true,"href":"https:\/\/basket-club-estuaire-gironde.fr\/index.php?rest_route=\/wp\/v2\/users\/2"}],"replies":[{"embeddable":true,"href":"https:\/\/basket-club-estuaire-gironde.fr\/index.php?rest_route=%2Fwp%2Fv2%2Fcomments&post=289"}],"version-history":[{"count":5,"href":"https:\/\/basket-club-estuaire-gironde.fr\/index.php?rest_route=\/wp\/v2\/pages\/289\/revisions"}],"predecessor-version":[{"id":557,"href":"https:\/\/basket-club-estuaire-gironde.fr\/index.php?rest_route=\/wp\/v2\/pages\/289\/revisions\/557"}],"up":[{"embeddable":true,"href":"https:\/\/basket-club-estuaire-gironde.fr\/index.php?rest_route=\/wp\/v2\/pages\/210"}],"wp:attachment":[{"href":"https:\/\/basket-club-estuaire-gironde.fr\/index.php?rest_route=%2Fwp%2Fv2%2Fmedia&parent=289"}],"curies":[{"name":"wp","href":"https:\/\/api.w.org\/{rel}","templated":true}]}}