{"id":279,"date":"2022-06-13T14:32:30","date_gmt":"2022-06-13T13:32:30","guid":{"rendered":"https:\/\/basket-club-estuaire-gironde.fr\/?page_id=279"},"modified":"2022-09-06T21:40:15","modified_gmt":"2022-09-06T20:40:15","slug":"senior-fille","status":"publish","type":"page","link":"https:\/\/basket-club-estuaire-gironde.fr\/?page_id=279","title":{"rendered":"S\u00e9nior f\u00e9minin"},"content":{"rendered":"\n<div class=\"wp-block-media-text alignwide is-stacked-on-mobile\"><figure class=\"wp-block-media-text__media\"><img loading=\"lazy\" decoding=\"async\" width=\"686\" height=\"686\" src=\"https:\/\/basket-club-estuaire-gironde.fr\/wp-content\/uploads\/2022\/06\/IMG_20211129_073224_763.jpg\" alt=\"\" class=\"wp-image-389 size-full\" srcset=\"https:\/\/basket-club-estuaire-gironde.fr\/wp-content\/uploads\/2022\/06\/IMG_20211129_073224_763.jpg 686w, https:\/\/basket-club-estuaire-gironde.fr\/wp-content\/uploads\/2022\/06\/IMG_20211129_073224_763-300x300.jpg 300w, https:\/\/basket-club-estuaire-gironde.fr\/wp-content\/uploads\/2022\/06\/IMG_20211129_073224_763-150x150.jpg 150w\" sizes=\"auto, (max-width: 686px) 100vw, 686px\" \/><\/figure><div class=\"wp-block-media-text__content\">\n<p class=\"has-large-font-size\"><\/p>\n<\/div><\/div>\n\n\n\n<figure class=\"wp-block-table\"><table><tbody><tr><td>Coach          <\/td><td>Jonathan LEDOUX<\/td><td>06.76.35.84.54<\/td><\/tr><\/tbody><\/table><\/figure>\n\n\n\n<div class=\"wp-block-media-text alignwide has-media-on-the-right is-stacked-on-mobile has-luminous-vivid-amber-color has-ast-global-color-5-background-color has-text-color has-background\" style=\"grid-template-columns:auto 30%\"><figure class=\"wp-block-media-text__media\"><img loading=\"lazy\" decoding=\"async\" width=\"654\" height=\"1024\" src=\"https:\/\/basket-club-estuaire-gironde.fr\/wp-content\/uploads\/2022\/06\/IMG_9608-654x1024.jpg\" alt=\"\" class=\"wp-image-390 size-full\" srcset=\"https:\/\/basket-club-estuaire-gironde.fr\/wp-content\/uploads\/2022\/06\/IMG_9608-654x1024.jpg 654w, https:\/\/basket-club-estuaire-gironde.fr\/wp-content\/uploads\/2022\/06\/IMG_9608-192x300.jpg 192w, https:\/\/basket-club-estuaire-gironde.fr\/wp-content\/uploads\/2022\/06\/IMG_9608.jpg 712w\" sizes=\"auto, (max-width: 654px) 100vw, 654px\" \/><\/figure><div class=\"wp-block-media-text__content\">\n<p class=\"has-ast-global-color-5-background-color has-text-color has-background\" style=\"color:#fcfa00\"><strong>Ce soir le ciel brillera un peu plus fort, une nouvelle \u00e9toile \u2b50\ufe0f va l\u2019illuminer, elle porte le num\u00e9ro 11.<br>Son num\u00e9ro lui \u00e9tait cher depuis de longues ann\u00e9es.<br>Notre num\u00e9ro 11 avec son maillot jaune, ses cheveux blonds et ses yeux bleus sera toujours pr\u00e9sente dans nos c\u0153urs.<br>Marie, p\u00e9tillante toujours pr\u00eate \u00e0 rigoler et parfois un peu boudeuse, en nous quittant tu nous laisses un vide que personne ne pourra combler.<br>Ton ballon \u00e0 la main \ud83c\udfc0 et hop en un mouvement un panier de marqu\u00e9 \ud83d\udc4ddes \u00ab Allez Marie \u00bb et des applaudissements \ud83d\udc4f auront retentis dans les gymnases pour Toi \u2b50\ufe0f\ud83d\udc95.<br>Tu avais ton fan club et ta supportrice la plus ch\u00e8re, ta maman toujours \u00e0 t\u2019encourager, parfois pr\u00eate \u00e0 bondir sur le terrain car c\u2019\u00e9tait ta plus fid\u00e8le co\u00e9quipi\u00e8re \ud83d\udc95.<br>Ce ballon \ud83c\udfc0 que tu aimais tant ne rebondira plus de la m\u00eame fa\u00e7on dans le gymnase, mais ton courage et ta volont\u00e9 seront toujours l\u00e0.<br>Les \u00ab 1,2,3 Ensemble \u00bb \ud83d\udc9ene sont pas \u00e9ph\u00e9m\u00e8res, ils seront toujours avec toi et ta famille.<br>Toute notre affection \u00e0 ta famille et Toi, illumine notre ciel \u00e0 jamais \ud83d\udc96\u2b50\ufe0f\ud83d\udcab.<\/strong><\/p>\n<\/div><\/div>\n","protected":false},"excerpt":{"rendered":"<p>Coach Jonathan LEDOUX 06.76.35.84.54 Ce soir le ciel brillera un peu plus fort, une nouvelle \u00e9toile \u2b50\ufe0f va l\u2019illuminer, elle porte le num\u00e9ro 11.Son num\u00e9ro lui \u00e9tait cher depuis de longues ann\u00e9es.Notre num\u00e9ro 11 avec son maillot jaune, ses cheveux blonds et ses yeux bleus sera toujours pr\u00e9sente dans nos c\u0153urs.Marie, p\u00e9tillante toujours pr\u00eate \u00e0 &hellip;<\/p>\n<p class=\"read-more\"> <a class=\"\" href=\"https:\/\/basket-club-estuaire-gironde.fr\/?page_id=279\"> <span class=\"screen-reader-text\">S\u00e9nior f\u00e9minin<\/span> Lire la suite\u00a0\u00bb<\/a><\/p>\n","protected":false},"author":2,"featured_media":0,"parent":312,"menu_order":2,"comment_status":"closed","ping_status":"closed","template":"","meta":{"om_disable_all_campaigns":false,"_mi_skip_tracking":false,"site-sidebar-layout":"default","site-content-layout":"default","ast-global-header-display":"","ast-main-header-display":"","ast-hfb-above-header-display":"","ast-hfb-below-header-display":"","ast-hfb-mobile-header-display":"","site-post-title":"","ast-breadcrumbs-content":"","ast-featured-img":"","footer-sml-layout":"","theme-transparent-header-meta":"","adv-header-id-meta":"","stick-header-meta":"","header-above-stick-meta":"","header-main-stick-meta":"","header-below-stick-meta":"","footnotes":""},"class_list":["post-279","page","type-page","status-publish","hentry"],"aioseo_notices":[],"_links":{"self":[{"href":"https:\/\/basket-club-estuaire-gironde.fr\/index.php?rest_route=\/wp\/v2\/pages\/279","targetHints":{"allow":["GET"]}}],"collection":[{"href":"https:\/\/basket-club-estuaire-gironde.fr\/index.php?rest_route=\/wp\/v2\/pages"}],"about":[{"href":"https:\/\/basket-club-estuaire-gironde.fr\/index.php?rest_route=\/wp\/v2\/types\/page"}],"author":[{"embeddable":true,"href":"https:\/\/basket-club-estuaire-gironde.fr\/index.php?rest_route=\/wp\/v2\/users\/2"}],"replies":[{"embeddable":true,"href":"https:\/\/basket-club-estuaire-gironde.fr\/index.php?rest_route=%2Fwp%2Fv2%2Fcomments&post=279"}],"version-history":[{"count":5,"href":"https:\/\/basket-club-estuaire-gironde.fr\/index.php?rest_route=\/wp\/v2\/pages\/279\/revisions"}],"predecessor-version":[{"id":602,"href":"https:\/\/basket-club-estuaire-gironde.fr\/index.php?rest_route=\/wp\/v2\/pages\/279\/revisions\/602"}],"up":[{"embeddable":true,"href":"https:\/\/basket-club-estuaire-gironde.fr\/index.php?rest_route=\/wp\/v2\/pages\/312"}],"wp:attachment":[{"href":"https:\/\/basket-club-estuaire-gironde.fr\/index.php?rest_route=%2Fwp%2Fv2%2Fmedia&parent=279"}],"curies":[{"name":"wp","href":"https:\/\/api.w.org\/{rel}","templated":true}]}}