{"id":272,"date":"2022-06-13T14:26:25","date_gmt":"2022-06-13T13:26:25","guid":{"rendered":"https:\/\/basket-club-estuaire-gironde.fr\/?page_id=272"},"modified":"2022-09-06T21:38:30","modified_gmt":"2022-09-06T20:38:30","slug":"u13f-benjamine","status":"publish","type":"page","link":"https:\/\/basket-club-estuaire-gironde.fr\/?page_id=272","title":{"rendered":"U13F Benjamine"},"content":{"rendered":"\n<div class=\"wp-block-media-text alignwide has-media-on-the-right is-stacked-on-mobile\"><figure class=\"wp-block-media-text__media\"><img loading=\"lazy\" decoding=\"async\" width=\"1024\" height=\"768\" src=\"https:\/\/basket-club-estuaire-gironde.fr\/wp-content\/uploads\/2022\/06\/FB_IMG_1637093954042-1024x768.jpg\" alt=\"\" class=\"wp-image-365 size-full\" srcset=\"https:\/\/basket-club-estuaire-gironde.fr\/wp-content\/uploads\/2022\/06\/FB_IMG_1637093954042-1024x768.jpg 1024w, https:\/\/basket-club-estuaire-gironde.fr\/wp-content\/uploads\/2022\/06\/FB_IMG_1637093954042-300x225.jpg 300w, https:\/\/basket-club-estuaire-gironde.fr\/wp-content\/uploads\/2022\/06\/FB_IMG_1637093954042-768x576.jpg 768w, https:\/\/basket-club-estuaire-gironde.fr\/wp-content\/uploads\/2022\/06\/FB_IMG_1637093954042.jpg 1080w\" sizes=\"auto, (max-width: 1024px) 100vw, 1024px\" \/><\/figure><div class=\"wp-block-media-text__content\">\n<p class=\"has-text-align-left has-large-font-size\"><\/p>\n<\/div><\/div>\n\n\n\n<figure class=\"wp-block-table\"><table><tbody><tr><td>Coach<\/td><td>J\u00e9r\u00f4me SAINT GAUDENS<\/td><td>0674943517<\/td><\/tr><tr><td>Responsable d&rsquo;\u00e9quipe <\/td><td>J\u00e9r\u00f4me SAINT GAUDENS<\/td><td>0674943517<\/td><\/tr><\/tbody><\/table><\/figure>\n\n\n\n<div class=\"wp-block-buttons is-layout-flex wp-block-buttons-is-layout-flex\">\n<div class=\"wp-block-button aligncenter\"><a class=\"wp-block-button__link\" href=\"https:\/\/resultats.ffbb.com\/championnat\/equipe\/2073.html?r=200000002812656&amp;p=200000002917042&amp;d=8307\" target=\"_blank\" rel=\"noreferrer noopener\">r\u00e9sultats et matchs<\/a><\/div>\n<\/div>\n","protected":false},"excerpt":{"rendered":"<p>Coach J\u00e9r\u00f4me SAINT GAUDENS 0674943517 Responsable d&rsquo;\u00e9quipe J\u00e9r\u00f4me SAINT GAUDENS 0674943517<\/p>\n","protected":false},"author":2,"featured_media":0,"parent":310,"menu_order":3,"comment_status":"closed","ping_status":"closed","template":"","meta":{"om_disable_all_campaigns":false,"_mi_skip_tracking":false,"site-sidebar-layout":"default","site-content-layout":"default","ast-global-header-display":"","ast-main-header-display":"","ast-hfb-above-header-display":"","ast-hfb-below-header-display":"","ast-hfb-mobile-header-display":"","site-post-title":"","ast-breadcrumbs-content":"","ast-featured-img":"","footer-sml-layout":"","theme-transparent-header-meta":"","adv-header-id-meta":"","stick-header-meta":"","header-above-stick-meta":"","header-main-stick-meta":"","header-below-stick-meta":"","footnotes":""},"class_list":["post-272","page","type-page","status-publish","hentry"],"aioseo_notices":[],"_links":{"self":[{"href":"https:\/\/basket-club-estuaire-gironde.fr\/index.php?rest_route=\/wp\/v2\/pages\/272","targetHints":{"allow":["GET"]}}],"collection":[{"href":"https:\/\/basket-club-estuaire-gironde.fr\/index.php?rest_route=\/wp\/v2\/pages"}],"about":[{"href":"https:\/\/basket-club-estuaire-gironde.fr\/index.php?rest_route=\/wp\/v2\/types\/page"}],"author":[{"embeddable":true,"href":"https:\/\/basket-club-estuaire-gironde.fr\/index.php?rest_route=\/wp\/v2\/users\/2"}],"replies":[{"embeddable":true,"href":"https:\/\/basket-club-estuaire-gironde.fr\/index.php?rest_route=%2Fwp%2Fv2%2Fcomments&post=272"}],"version-history":[{"count":5,"href":"https:\/\/basket-club-estuaire-gironde.fr\/index.php?rest_route=\/wp\/v2\/pages\/272\/revisions"}],"predecessor-version":[{"id":597,"href":"https:\/\/basket-club-estuaire-gironde.fr\/index.php?rest_route=\/wp\/v2\/pages\/272\/revisions\/597"}],"up":[{"embeddable":true,"href":"https:\/\/basket-club-estuaire-gironde.fr\/index.php?rest_route=\/wp\/v2\/pages\/310"}],"wp:attachment":[{"href":"https:\/\/basket-club-estuaire-gironde.fr\/index.php?rest_route=%2Fwp%2Fv2%2Fmedia&parent=272"}],"curies":[{"name":"wp","href":"https:\/\/api.w.org\/{rel}","templated":true}]}}