{"id":263,"date":"2022-06-13T14:22:24","date_gmt":"2022-06-13T13:22:24","guid":{"rendered":"https:\/\/basket-club-estuaire-gironde.fr\/?page_id=263"},"modified":"2022-06-15T16:15:57","modified_gmt":"2022-06-15T15:15:57","slug":"presentation-ecoles-de-basket","status":"publish","type":"page","link":"https:\/\/basket-club-estuaire-gironde.fr\/?page_id=263","title":{"rendered":"Pr\u00e9sentation \u00e9coles de basket"},"content":{"rendered":"\n<p>L&rsquo;\u00e9cole de basket rassemble un grand nombre d&rsquo;\u00e9quipes des Benjamins aux Juniors.<\/p>\n\n\n\n<p>Au sein de l\u2019Ecole de Basket, tous les jeunes re\u00e7oivent une formation qui allie \u00e0 la fois comp\u00e9tition et plaisir de jeu.<\/p>\n\n\n\n<p>Benjamin(e)s U13<br>C\u2019est la cat\u00e9gorie qui fait entrer le jeune joueur dans ce que nous appelons l&rsquo;\u00e9cole de basket. Elle regroupe tous les jeunes, filles ou gar\u00e7ons qui&nbsp;ont entre 11 et 12 ans. Durant ses deux saisons, les basketteur(se)s re\u00e7oivent un apprentissage plus pouss\u00e9 o\u00f9 ils apprennent encore de nouvelles astuces pour perfectionner leur jeu ballon en main. Mais attention, le jeu sans ballon n\u2019est bien s\u00fbr pas non plus mis de c\u00f4t\u00e9 : \u00e9tant donn\u00e9 que la fluidit\u00e9 des d\u00e9placements d\u00e9fensifs et offensifs est d\u00e9terminante sur un terrain de basket, les joueurs y seront d\u00e9j\u00e0 sensibilis\u00e9s. Le but est de renforcer leur jeu individuel et collectif. En tant que Benjamin(e)s du BCSCB, ils auront la chance d\u2019affronter d\u2019autres \u00e9quipes girondines afin de mesurer leur talent !<\/p>\n\n\n\n<p>Minimes U15<br>Ce sont les jeunes&nbsp;filles et gar\u00e7ons \u00e2g\u00e9s de 13 \u00e0 14 ans&nbsp;du club de basket. Ils s&rsquo;entrainent pour parfaire leur basket. Les week-ends sont de leur c\u00f4t\u00e9 consacr\u00e9s \u00e0 la comp\u00e9tition : c\u2019est effectivement l\u2019occasion ou jamais pour ces joueur(se)s, de mettre en pratique tout leur savoir faire et organiser leurs plans de jeu. Les buts : se frayer une place en t\u00eate des classements, rivaliser avec les meilleures \u00e9quipes du championnat et surtout se faire plaisir sur le terrain.<\/p>\n\n\n\n<p>Cadet(te)s U17<br>On consid\u00e8re g\u00e9n\u00e9ralement que ces&nbsp;basketteur(se)s de 15 \u00e0 17 ans&nbsp;commencent d\u00e9j\u00e0 \u00e0 avoir de bons r\u00e9flexes, savent avancer et jouer ensemble, ont le sens du jeu et ma\u00eetrisent les principales r\u00e8gles. Ils encha\u00eenent s\u00e9ances d\u2019entra\u00eenements la semaine et matchs le week-end pour rester en condition physique et parfaire leur talent. En entretenant une telle dynamique de jeu, les&nbsp;Cadet(te)s&nbsp;arrivent ainsi \u00e0 associer le plaisir de jouer au basket \u00e0 la comp\u00e9tition pour le plus grand bonheur de leurs entra\u00eeneurs mais aussi du public.<\/p>\n\n\n\n<p>Juniors U20<br>La cat\u00e9gorie des Juniors, c\u2019est la derni\u00e8re ligne droite avant de franchir une nouvelle \u00e9tape et int\u00e9grer la section basket adultes.<\/p>\n\n\n\n<figure class=\"wp-block-image aligncenter size-full is-style-default\"><img loading=\"lazy\" decoding=\"async\" width=\"148\" height=\"225\" src=\"http:\/\/basket-club-estuaire-gironde.fr\/wp-content\/uploads\/2022\/06\/bceg-2.jpg\" alt=\"\" class=\"wp-image-320\"\/><\/figure>\n","protected":false},"excerpt":{"rendered":"<p>L&rsquo;\u00e9cole de basket rassemble un grand nombre d&rsquo;\u00e9quipes des Benjamins aux Juniors. Au sein de l\u2019Ecole de Basket, tous les jeunes re\u00e7oivent une formation qui allie \u00e0 la fois comp\u00e9tition et plaisir de jeu. Benjamin(e)s U13C\u2019est la cat\u00e9gorie qui fait entrer le jeune joueur dans ce que nous appelons l&rsquo;\u00e9cole de basket. Elle regroupe tous &hellip;<\/p>\n<p class=\"read-more\"> <a class=\"\" href=\"https:\/\/basket-club-estuaire-gironde.fr\/?page_id=263\"> <span class=\"screen-reader-text\">Pr\u00e9sentation \u00e9coles de basket<\/span> Lire la suite\u00a0\u00bb<\/a><\/p>\n","protected":false},"author":2,"featured_media":0,"parent":310,"menu_order":1,"comment_status":"closed","ping_status":"closed","template":"","meta":{"om_disable_all_campaigns":false,"_mi_skip_tracking":false,"site-sidebar-layout":"default","site-content-layout":"default","ast-global-header-display":"","ast-main-header-display":"","ast-hfb-above-header-display":"","ast-hfb-below-header-display":"","ast-hfb-mobile-header-display":"","site-post-title":"","ast-breadcrumbs-content":"","ast-featured-img":"","footer-sml-layout":"","theme-transparent-header-meta":"","adv-header-id-meta":"","stick-header-meta":"","header-above-stick-meta":"","header-main-stick-meta":"","header-below-stick-meta":"","footnotes":""},"class_list":["post-263","page","type-page","status-publish","hentry"],"aioseo_notices":[],"_links":{"self":[{"href":"https:\/\/basket-club-estuaire-gironde.fr\/index.php?rest_route=\/wp\/v2\/pages\/263","targetHints":{"allow":["GET"]}}],"collection":[{"href":"https:\/\/basket-club-estuaire-gironde.fr\/index.php?rest_route=\/wp\/v2\/pages"}],"about":[{"href":"https:\/\/basket-club-estuaire-gironde.fr\/index.php?rest_route=\/wp\/v2\/types\/page"}],"author":[{"embeddable":true,"href":"https:\/\/basket-club-estuaire-gironde.fr\/index.php?rest_route=\/wp\/v2\/users\/2"}],"replies":[{"embeddable":true,"href":"https:\/\/basket-club-estuaire-gironde.fr\/index.php?rest_route=%2Fwp%2Fv2%2Fcomments&post=263"}],"version-history":[{"count":3,"href":"https:\/\/basket-club-estuaire-gironde.fr\/index.php?rest_route=\/wp\/v2\/pages\/263\/revisions"}],"predecessor-version":[{"id":342,"href":"https:\/\/basket-club-estuaire-gironde.fr\/index.php?rest_route=\/wp\/v2\/pages\/263\/revisions\/342"}],"up":[{"embeddable":true,"href":"https:\/\/basket-club-estuaire-gironde.fr\/index.php?rest_route=\/wp\/v2\/pages\/310"}],"wp:attachment":[{"href":"https:\/\/basket-club-estuaire-gironde.fr\/index.php?rest_route=%2Fwp%2Fv2%2Fmedia&parent=263"}],"curies":[{"name":"wp","href":"https:\/\/api.w.org\/{rel}","templated":true}]}}