{"id":249,"date":"2022-06-13T14:08:42","date_gmt":"2022-06-13T13:08:42","guid":{"rendered":"https:\/\/basket-club-estuaire-gironde.fr\/?page_id=249"},"modified":"2022-07-05T13:42:23","modified_gmt":"2022-07-05T12:42:23","slug":"reglement-interieur","status":"publish","type":"page","link":"https:\/\/basket-club-estuaire-gironde.fr\/?page_id=249","title":{"rendered":"R\u00e8glement int\u00e9rieur"},"content":{"rendered":"\n<figure class=\"wp-block-table\"><table><tbody><tr><td>REGLEMENT&nbsp;INTERIEUR<\/td><\/tr><\/tbody><\/table><\/figure>\n\n\n\n<figure class=\"wp-block-table\"><table><tbody><tr><td><strong>BASKET CLUB DE ST CIERS BRAUDREGLEMENT INTERIEURPREAMBULE<\/strong><br>En adh\u00e9rent au BASKET CLUB DE ST CIERS BRAUD, vous adh\u00e9rez \u00e0 une association loi 1901, g\u00e9r\u00e9e par des b\u00e9n\u00e9voles. Le r\u00e8glement int\u00e9rieur a pour but de faciliter la vie au sein du club. Conform\u00e9ment aux statuts de l\u2019association, le Bureau du BASKET CLUB DE ST CIERS BRAUD peut sanctionner tout manquement \u00e0 ce r\u00e8glement.Les r\u00e8gles du pr\u00e9sent r\u00e8glement int\u00e9rieur ont pour but de mettre en \u0153uvre l\u2019expression d\u2019un comportement sportif, fait de respect mutuel, de loyaut\u00e9 et de fair-play envers toutes les personnes, quel que soit leur statut, qui sont appel\u00e9s \u00e0 participer aux activit\u00e9s du club.La signature d\u2019une licence au BASKET CLUB DE ST CIERS BRAUD engage le licenci\u00e9 \u00e0 respecter le r\u00e8glement int\u00e9rieur et \u00e0 participer activement \u00e0 la vie du club.<br><br><strong>MEMBRES<\/strong><br><strong>Article 1<\/strong>\u00a0:\u00a0<strong>Admission<\/strong>.<br>Les personnes d\u00e9sirant adh\u00e9rer remplissent un bulletin d\u2019adh\u00e9sion.L\u2019adh\u00e9sion des mineurs s\u2019accompagne obligatoirement d\u2019une autorisation parentale.Toute demande d\u2019adh\u00e9sion doit \u00eatre approuv\u00e9e par le Comit\u00e9 Directeur (CD). Celui-ci se r\u00e9serve le droit, apr\u00e8s d\u00e9lib\u00e9ration, de refuser l\u2019adh\u00e9sion \u00e0 une personne ayant eu un mauvais comportement ou faisant du zapping entre plusieurs clubs.La qualit\u00e9 de membre se perd par d\u00e9mission \u00e9crite ou par exclusion, apr\u00e8s d\u00e9lib\u00e9ration du comit\u00e9 directeur.<br><strong>Article 2<\/strong>\u00a0:\u00a0<strong>Cotisation<\/strong>.<br>Chaque adh\u00e9rent s\u2019acquitte d\u2019une cotisation annuelle. Le montant en est d\u00e9cid\u00e9 chaque ann\u00e9e, par le comit\u00e9 directeur.Le CD pourra accorder un paiement \u00e9chelonn\u00e9 aux personnes rencontrant des difficult\u00e9s passag\u00e8res.Toute cotisation vers\u00e9e est d\u00e9finitivement acquise par l\u2019association et ne saurait \u00eatre rembours\u00e9e en cas de d\u00e9mission ou d\u2019exclusion.<br><br><strong>LES ENTRAINEMENTS<\/strong><br>Article 1 Entra\u00eenements obligatoires.<br>Suivant le projet sportif du club, chaque \u00e9quipe b\u00e9n\u00e9ficie d\u2019un ou plusieurs entra\u00eenements hebdomadaires obligatoires.<br>Article 2 Horaires et lieux d\u2019entra\u00eenement.<br>Le BASKET CLUB DE ST CIERS BRAUD utilise des installations sportives mises \u00e0 sa disposition par les Municipalit\u00e9s. Le club est donc tributaire des cr\u00e9neaux horaires qui lui sont attribu\u00e9s pour les entra\u00eenements et comp\u00e9titions. Les horaires, lieux et fr\u00e9quences pr\u00e9vus en d\u00e9but de saison peuvent \u00eatre modifi\u00e9s sans pr\u00e9avis.<br>La ponctualit\u00e9 est une forme de respect des autres. Ainsi, l\u2019entra\u00eeneur s\u2019engage \u00e0 respecter les horaires des entra\u00eenements. En cas d\u2019absence ou de retard, il s\u2019engage \u00e0 pr\u00e9venir les membres de l\u2019\u00e9quipe ainsi qu\u2019un membre du bureau.<br>De m\u00eame, chaque licenci\u00e9(e) s\u2019engage \u00e0 \u00eatre pr\u00e9sent \u00e0 l\u2019heure du d\u00e9but de l\u2019entra\u00eenement, avec une tenue de sport adapt\u00e9e, fournie par le joueur (se). Dans un souci de respect des autres membres de l\u2019\u00e9quipe, l\u2019entra\u00eeneur doit \u00eatre pr\u00e9venu d\u2019une absence justifi\u00e9e. Plusieurs absences injustifi\u00e9es pourront entra\u00eener une suspension ou exclusion de l\u2019association.<br><br>Article 3 Pr\u00e9sence des adultes aux entra\u00eenements.<br>L\u2019acc\u00e8s aux installations sportives ne peut se faire qu\u2019en pr\u00e9sence de l\u2019adulte responsable.<br>Les parents doivent s\u2019assurer de la pr\u00e9sence de l\u2019entra\u00eeneur avant de laisser leurs enfants p\u00e9n\u00e9trer dans les installations sportives. Les sorties avant la fin de l\u2019entra\u00eenement ne peuvent \u00eatre autoris\u00e9es que sur la demande des parents. Les parents sont tenus de r\u00e9cup\u00e9rer leurs enfants \u00e0 l\u2019heure indiqu\u00e9e de la fin de l\u2019entra\u00eenement.<br>Les entra\u00eeneurs s\u2019engagent \u00e0 respecter les consignes de s\u00e9curit\u00e9 qui entourent l\u2019utilisation de mat\u00e9riel avant, pendant et apr\u00e8s l\u2019entra\u00eenement.<br><br><strong>LES MATCHS<\/strong><br>Article 4 La tenue de jeu.<br>Le BASKET CLUB DE ST CIERS BRAUD met une tenue de jeu \u00e0 la disposition de chaque participant, uniquement dans le cadre de la comp\u00e9tition. L\u2019ensemble des \u00e9quipes jouera sous la couleur jaune, les tenues noires ne serviront que lors de la r\u00e9ception d\u2019adversaires qui sont en tenue jaune.<br>Chaque \u00e9quipe est responsable de la totalit\u00e9 des tenues de jeu mises \u00e0 sa disposition par le club en d\u00e9but de saison. Les parents et l\u2019entra\u00eeneur en assurent la distribution et le lavage. En aucun cas, l\u2019\u00e9quipement (maillots et shorts) ne doit \u00eatre dispers\u00e9.<br><br>Article 5 Pr\u00e9sences aux matchs.<br>La pr\u00e9sence aux comp\u00e9titions est obligatoire. Dans un souci de respect des autres membres de l\u2019\u00e9quipe et du club, toute absence doit \u00eatre justifi\u00e9e et signal\u00e9e \u00e0 l\u2019entra\u00eeneur le plus t\u00f4t possible.<br><br>Article 6 Arbitrage et tables de marque.<br>La participation des joueurs et joueuses \u00e0 l\u2019arbitrage et \u00e0 la tenue de la table de marque est obligatoire. Elle s\u2019inscrit dans l\u2019apprentissage des r\u00e8gles du jeu et de la vie en communaut\u00e9.<br>Les parents des joueurs et joueuses peuvent \u00eatre sollicit\u00e9s pour la tenue de la table de marque. Un tableau de pr\u00e9sence sera fourni aux entraineurs.<br>Toute personne indisponible doit imp\u00e9rativement trouver un rempla\u00e7ant<br>Toute absence injustifi\u00e9e pour l\u2019arbitrage d\u2019un match ou la tenue d\u2019une table de marque sera sanctionn\u00e9e d\u2019une suspension automatique pour un match.<br>Article 7 Tenue de la buvette.<br>Lors des matchs \u00e0 domicile, les parents sont sollicit\u00e9s pour tenir la buvette. En cas d\u2019indisponibilit\u00e9, ils doivent trouver un rempla\u00e7ant.<br>Article 8 Matchs \u00e0 l\u2019ext\u00e9rieur.<br>Les parents des joueurs (ses) sont sollicit\u00e9s pour assurer le transport des autres membres de l\u2019\u00e9quipe. Un planning est \u00e9tabli aussit\u00f4t que possible par l\u2019entra\u00eeneur.<br>Les d\u00e9placements pour les matchs \u00e0 l&rsquo;ext\u00e9rieur (sauf cas exceptionnels) sont b\u00e9n\u00e9voles et ne se r\u00e9alisent qu&rsquo;avec l&rsquo;aide des v\u00e9hicules des parents accompagnateurs, des joueurs et \u00e9ventuellement des dirigeants.Les conducteurs sont responsables des enfants qu\u2019ils transportent. Ils s\u2019engagent donc \u00e0 respecter le code de la route (validit\u00e9 du permis, assurance, limitations de vitesse, ceintures de s\u00e9curit\u00e9, nombre de passagers,\u2026).<br><br><strong>COMPORTEMENT<\/strong><br>Article 10 Respect des choix des dirigeants.<br>Les parents, les joueurs et les joueuses s\u2019engagent \u00e0 respecter les options sportives prises par les cadres techniques pour l\u2019ensemble de la saison ou pour un match, en accord avec le projet sportif du BASKET CLUB DE ST CIERS BRAUD.<br>Article 11 Respect des autres.<br>Les joueurs et joueuses du BASKET CLUB DE ST CIERS BRAUD, ainsi que leurs parents et ceux qui les accompagnent engagent l\u2019image du club, il est donc essentiel qu\u2019ils aient sur le terrain et en dehors une attitude correcte, qu\u2019ils respectent les partenaires, les adversaires, le public, ainsi que les d\u00e9cisions prises par les arbitres, les entra\u00eeneurs et les dirigeants. Tout manquement \u00e0 cette r\u00e8gle pourra entra\u00eener des sanctions.<br>Article 12 Hygi\u00e8ne.<br>Il est fortement conseill\u00e9 de prendre une douche apr\u00e8s chaque entra\u00eenement et chaque match. Il est \u00e9galement conseill\u00e9 d\u2019apporter une bouteille d\u2019eau pour les entra\u00eenements et les matchs.Il est demand\u00e9 de laisser les installations sanitaires et les vestiaires aussi propres que possible.<br>Article 13 Produits illicites<br>Tout licenci\u00e9 s\u2019interdit l\u2019usage de tabac, d\u2019alcool et de drogues \u00e0 l\u2019int\u00e9rieur des locaux mis \u00e0 la disposition du club pendant la dur\u00e9e des entra\u00eenements et des matchs.Tout manquement \u00e0 cette interdiction entra\u00eenera une sanction de la part du CD pouvant aller de l\u2019exclusion temporaire \u00e0 l\u2019exclusion d\u00e9finitive.Le club pourra effectuer, une demande d\u2019autorisation de d\u00e9bit de boisson, pour des manifestations qu\u2019il organise. L\u2019usage mod\u00e9r\u00e9 d\u2019alcool devra respecter les lois en vigueur.<br><br>Article 14 Les vols.<br>Le BASKET CLUB DE ST CIERS BRAUD d\u00e9cline toute responsabilit\u00e9 en cas de vol d\u2019effets personnels. Il est donc conseill\u00e9 de ne pas venir aux entra\u00eenements ou aux matchs avec des objets de valeur et des sommes d\u2019argent importantes, et de ne rien laisser dans les vestiaires lors des entra\u00eenements et des comp\u00e9titions.<br><br>Article 15 Image<br>Aucune image ou photo prise pendant les activit\u00e9s du club ne pourra \u00eatre diffus\u00e9e dans la presse ou par les moyens de communication informatiques sans l\u2019autorisation du pr\u00e9sident.Tout adh\u00e9rent accepte que son image puisse \u00eatre utilis\u00e9e par le club dans le cadre de la pratique du Basket Ball.<br><br>Article 16 Manifestations et tournois.<br>Les joueurs (ses) et les parents peuvent \u00eatre sollicit\u00e9s pour aider les dirigeants \u00e0 l\u2019organisation et au fonctionnement des diverses manifestations organis\u00e9es par le club.<br><br>Fait le 14\/10\/2015<br><br><strong>Le Pr\u00e9sident : <\/strong>Christophe SENSACQ                   <strong>La Secr\u00e9taire<\/strong> : Sandra FAVRE<\/td><\/tr><\/tbody><\/table><\/figure>\n","protected":false},"excerpt":{"rendered":"<p>REGLEMENT&nbsp;INTERIEUR BASKET CLUB DE ST CIERS BRAUDREGLEMENT INTERIEURPREAMBULEEn adh\u00e9rent au BASKET CLUB DE ST CIERS BRAUD, vous adh\u00e9rez \u00e0 une association loi 1901, g\u00e9r\u00e9e par des b\u00e9n\u00e9voles. Le r\u00e8glement int\u00e9rieur a pour but de faciliter la vie au sein du club. Conform\u00e9ment aux statuts de l\u2019association, le Bureau du BASKET CLUB DE ST CIERS BRAUD &hellip;<\/p>\n<p class=\"read-more\"> <a class=\"\" href=\"https:\/\/basket-club-estuaire-gironde.fr\/?page_id=249\"> <span class=\"screen-reader-text\">R\u00e8glement int\u00e9rieur<\/span> Lire la suite\u00a0\u00bb<\/a><\/p>\n","protected":false},"author":2,"featured_media":0,"parent":304,"menu_order":5,"comment_status":"closed","ping_status":"closed","template":"","meta":{"om_disable_all_campaigns":false,"_mi_skip_tracking":false,"site-sidebar-layout":"default","site-content-layout":"default","ast-global-header-display":"","ast-main-header-display":"","ast-hfb-above-header-display":"","ast-hfb-below-header-display":"","ast-hfb-mobile-header-display":"","site-post-title":"","ast-breadcrumbs-content":"","ast-featured-img":"","footer-sml-layout":"","theme-transparent-header-meta":"","adv-header-id-meta":"","stick-header-meta":"","header-above-stick-meta":"","header-main-stick-meta":"","header-below-stick-meta":"","footnotes":""},"class_list":["post-249","page","type-page","status-publish","hentry"],"aioseo_notices":[],"_links":{"self":[{"href":"https:\/\/basket-club-estuaire-gironde.fr\/index.php?rest_route=\/wp\/v2\/pages\/249","targetHints":{"allow":["GET"]}}],"collection":[{"href":"https:\/\/basket-club-estuaire-gironde.fr\/index.php?rest_route=\/wp\/v2\/pages"}],"about":[{"href":"https:\/\/basket-club-estuaire-gironde.fr\/index.php?rest_route=\/wp\/v2\/types\/page"}],"author":[{"embeddable":true,"href":"https:\/\/basket-club-estuaire-gironde.fr\/index.php?rest_route=\/wp\/v2\/users\/2"}],"replies":[{"embeddable":true,"href":"https:\/\/basket-club-estuaire-gironde.fr\/index.php?rest_route=%2Fwp%2Fv2%2Fcomments&post=249"}],"version-history":[{"count":2,"href":"https:\/\/basket-club-estuaire-gironde.fr\/index.php?rest_route=\/wp\/v2\/pages\/249\/revisions"}],"predecessor-version":[{"id":543,"href":"https:\/\/basket-club-estuaire-gironde.fr\/index.php?rest_route=\/wp\/v2\/pages\/249\/revisions\/543"}],"up":[{"embeddable":true,"href":"https:\/\/basket-club-estuaire-gironde.fr\/index.php?rest_route=\/wp\/v2\/pages\/304"}],"wp:attachment":[{"href":"https:\/\/basket-club-estuaire-gironde.fr\/index.php?rest_route=%2Fwp%2Fv2%2Fmedia&parent=249"}],"curies":[{"name":"wp","href":"https:\/\/api.w.org\/{rel}","templated":true}]}}