{"id":247,"date":"2022-06-13T14:06:44","date_gmt":"2022-06-13T13:06:44","guid":{"rendered":"https:\/\/basket-club-estuaire-gironde.fr\/?page_id=247"},"modified":"2022-07-05T15:35:04","modified_gmt":"2022-07-05T14:35:04","slug":"le-comite-directeur","status":"publish","type":"page","link":"https:\/\/basket-club-estuaire-gironde.fr\/?page_id=247","title":{"rendered":"Le comit\u00e9 directeur"},"content":{"rendered":"\n<figure class=\"wp-block-gallery has-nested-images columns-default is-cropped wp-block-gallery-1 is-layout-flex wp-block-gallery-is-layout-flex\">\n<figure class=\"wp-block-image size-large\"><img loading=\"lazy\" decoding=\"async\" width=\"810\" height=\"1080\" data-id=\"454\" src=\"http:\/\/basket-club-estuaire-gironde.fr\/wp-content\/uploads\/2022\/06\/IMG_2407-2.jpg\" alt=\"\" class=\"wp-image-454\" srcset=\"https:\/\/basket-club-estuaire-gironde.fr\/wp-content\/uploads\/2022\/06\/IMG_2407-2.jpg 810w, https:\/\/basket-club-estuaire-gironde.fr\/wp-content\/uploads\/2022\/06\/IMG_2407-2-225x300.jpg 225w, https:\/\/basket-club-estuaire-gironde.fr\/wp-content\/uploads\/2022\/06\/IMG_2407-2-768x1024.jpg 768w\" sizes=\"auto, (max-width: 810px) 100vw, 810px\" \/><\/figure>\n\n\n\n<figure class=\"wp-block-image size-large\"><img loading=\"lazy\" decoding=\"async\" width=\"1200\" height=\"1600\" data-id=\"424\" src=\"http:\/\/basket-club-estuaire-gironde.fr\/wp-content\/uploads\/2022\/06\/Stephane-M.jpg\" alt=\"\" class=\"wp-image-424\" srcset=\"https:\/\/basket-club-estuaire-gironde.fr\/wp-content\/uploads\/2022\/06\/Stephane-M.jpg 1200w, https:\/\/basket-club-estuaire-gironde.fr\/wp-content\/uploads\/2022\/06\/Stephane-M-225x300.jpg 225w, https:\/\/basket-club-estuaire-gironde.fr\/wp-content\/uploads\/2022\/06\/Stephane-M-768x1024.jpg 768w, https:\/\/basket-club-estuaire-gironde.fr\/wp-content\/uploads\/2022\/06\/Stephane-M-1152x1536.jpg 1152w\" sizes=\"auto, (max-width: 1200px) 100vw, 1200px\" \/><\/figure>\n\n\n\n<figure class=\"wp-block-image size-full\"><img loading=\"lazy\" decoding=\"async\" width=\"652\" height=\"1334\" data-id=\"432\" src=\"https:\/\/basket-club-estuaire-gironde.fr\/wp-content\/uploads\/2022\/06\/photo-Meg-comite.jpg\" alt=\"\" class=\"wp-image-432\" srcset=\"https:\/\/basket-club-estuaire-gironde.fr\/wp-content\/uploads\/2022\/06\/photo-Meg-comite.jpg 652w, https:\/\/basket-club-estuaire-gironde.fr\/wp-content\/uploads\/2022\/06\/photo-Meg-comite-147x300.jpg 147w, https:\/\/basket-club-estuaire-gironde.fr\/wp-content\/uploads\/2022\/06\/photo-Meg-comite-500x1024.jpg 500w\" sizes=\"auto, (max-width: 652px) 100vw, 652px\" \/><\/figure>\n<\/figure>\n\n\n\n<figure class=\"wp-block-table aligncenter has-medium-font-size\"><table><tbody><tr><td class=\"has-text-align-center\" data-align=\"center\"><strong>Pr\u00e9sident du Club<\/strong><br>  Christophe SENSACQ <br> 06.82.16.52.62<br>          president.bceg@gmail.com          <\/td><td>          <\/td><td class=\"has-text-align-center\" data-align=\"center\"><strong>Vice-Pr\u00e9sident Animation<\/strong><br>St\u00e9phane MAURY<br>\u00a0 06.03.95.90.56 <br>          maury.stephane33@orange.fr          <\/td><td>          <\/td><td class=\"has-text-align-center\" data-align=\"center\"><strong>Vice-Pr\u00e9sident Sportive<\/strong><br>Marguerite OSSEI GOUEZ<br>06.04.42.91.47 <br>          marguerite.ossei@gmail.com          <\/td><\/tr><\/tbody><\/table><\/figure>\n\n\n\n<figure class=\"wp-block-gallery has-nested-images columns-2 is-cropped wp-block-gallery-2 is-layout-flex wp-block-gallery-is-layout-flex\">\n<figure class=\"wp-block-image size-large\"><img loading=\"lazy\" decoding=\"async\" width=\"563\" height=\"1000\" data-id=\"425\" src=\"http:\/\/basket-club-estuaire-gironde.fr\/wp-content\/uploads\/2022\/06\/Karine.jpg\" alt=\"\" class=\"wp-image-425\" srcset=\"https:\/\/basket-club-estuaire-gironde.fr\/wp-content\/uploads\/2022\/06\/Karine.jpg 563w, https:\/\/basket-club-estuaire-gironde.fr\/wp-content\/uploads\/2022\/06\/Karine-169x300.jpg 169w\" sizes=\"auto, (max-width: 563px) 100vw, 563px\" \/><\/figure>\n\n\n\n<figure class=\"wp-block-image size-large\"><img loading=\"lazy\" decoding=\"async\" width=\"1928\" height=\"2560\" data-id=\"427\" src=\"http:\/\/basket-club-estuaire-gironde.fr\/wp-content\/uploads\/2022\/06\/nana-1-scaled.jpg\" alt=\"\" class=\"wp-image-427\" srcset=\"https:\/\/basket-club-estuaire-gironde.fr\/wp-content\/uploads\/2022\/06\/nana-1-scaled.jpg 1928w, https:\/\/basket-club-estuaire-gironde.fr\/wp-content\/uploads\/2022\/06\/nana-1-226x300.jpg 226w, https:\/\/basket-club-estuaire-gironde.fr\/wp-content\/uploads\/2022\/06\/nana-1-771x1024.jpg 771w, https:\/\/basket-club-estuaire-gironde.fr\/wp-content\/uploads\/2022\/06\/nana-1-768x1020.jpg 768w, https:\/\/basket-club-estuaire-gironde.fr\/wp-content\/uploads\/2022\/06\/nana-1-1157x1536.jpg 1157w, https:\/\/basket-club-estuaire-gironde.fr\/wp-content\/uploads\/2022\/06\/nana-1-1542x2048.jpg 1542w\" sizes=\"auto, (max-width: 1928px) 100vw, 1928px\" \/><\/figure>\n<\/figure>\n\n\n\n<figure class=\"wp-block-table has-medium-font-size\"><table><tbody><tr><td class=\"has-text-align-center\" data-align=\"center\"><strong>Tr\u00e9sori\u00e8re<\/strong><br>Karine PLANCHENAULT<br> 06.25.75.29.74<br> karine1978.kp@gmail.com \/  bureau.bceg@gmail.com<\/td><td>                    <\/td><td class=\"has-text-align-center\" data-align=\"center\"><strong>Tr\u00e9sori\u00e8re Adjointe<\/strong> <br>Marie-Nad\u00e8ge\u00a0DAUGA<br>06.88.91.36.48<br>                                 \u00a0n.dauga@laposte.net                                  <\/td><\/tr><\/tbody><\/table><\/figure>\n\n\n\n<figure class=\"wp-block-gallery has-nested-images columns-default is-cropped wp-block-gallery-3 is-layout-flex wp-block-gallery-is-layout-flex\">\n<figure class=\"wp-block-image size-full\"><img loading=\"lazy\" decoding=\"async\" width=\"250\" height=\"254\" data-id=\"564\" src=\"https:\/\/basket-club-estuaire-gironde.fr\/wp-content\/uploads\/2022\/07\/basket-sandra.jpg\" alt=\"\" class=\"wp-image-564\"\/><\/figure>\n\n\n\n<figure class=\"wp-block-image size-full\"><img loading=\"lazy\" decoding=\"async\" width=\"250\" height=\"317\" data-id=\"316\" src=\"http:\/\/basket-club-estuaire-gironde.fr\/wp-content\/uploads\/2022\/06\/cropped-image.png\" alt=\"\" class=\"wp-image-316\" srcset=\"https:\/\/basket-club-estuaire-gironde.fr\/wp-content\/uploads\/2022\/06\/cropped-image.png 250w, https:\/\/basket-club-estuaire-gironde.fr\/wp-content\/uploads\/2022\/06\/cropped-image-237x300.png 237w\" sizes=\"auto, (max-width: 250px) 100vw, 250px\" \/><\/figure>\n<\/figure>\n\n\n\n<figure class=\"wp-block-table has-medium-font-size\"><table><tbody><tr><td class=\"has-text-align-center\" data-align=\"center\"><strong>Secr\u00e9taire<\/strong>   <br>Sandra FAVRE   <br>06.61.57.25.88   <br>          secretaire.bceg@gmail.com           <\/td><td>                  <\/td><td class=\"has-text-align-center\" data-align=\"center\">  <strong>Secr\u00e9taire Adjointe<\/strong><br>  S\u00e9verine GUERRIER<br>  06. 58. 26. 37. 70<br>       guerrier.severine0746@orange.fr     <\/td><\/tr><\/tbody><\/table><\/figure>\n\n\n\n<p class=\"has-medium-font-size\">Les membres du comit\u00e9 :<\/p>\n\n\n\n<figure class=\"wp-block-gallery has-nested-images columns-default is-cropped wp-block-gallery-4 is-layout-flex wp-block-gallery-is-layout-flex\">\n<figure class=\"wp-block-image size-large\" style=\"border-radius:0px\"><img loading=\"lazy\" decoding=\"async\" width=\"563\" height=\"1000\" data-id=\"430\" src=\"http:\/\/basket-club-estuaire-gironde.fr\/wp-content\/uploads\/2022\/06\/Herve-Caullier.jpg\" alt=\"Herv\u00e9 est l\u00e0\" class=\"wp-image-430\" srcset=\"https:\/\/basket-club-estuaire-gironde.fr\/wp-content\/uploads\/2022\/06\/Herve-Caullier.jpg 563w, https:\/\/basket-club-estuaire-gironde.fr\/wp-content\/uploads\/2022\/06\/Herve-Caullier-169x300.jpg 169w\" sizes=\"auto, (max-width: 563px) 100vw, 563px\" \/><figcaption>Herv\u00e9 CAULLIER<\/figcaption><\/figure>\n\n\n\n<figure class=\"wp-block-image size-large\"><img loading=\"lazy\" decoding=\"async\" width=\"148\" height=\"225\" data-id=\"386\" src=\"http:\/\/basket-club-estuaire-gironde.fr\/wp-content\/uploads\/2022\/06\/bceg-3.jpg\" alt=\"\" class=\"wp-image-386\"\/><figcaption>Cyril CHAINIER<\/figcaption><\/figure>\n\n\n\n<figure class=\"wp-block-image size-large\"><img loading=\"lazy\" decoding=\"async\" width=\"563\" height=\"1000\" data-id=\"431\" src=\"http:\/\/basket-club-estuaire-gironde.fr\/wp-content\/uploads\/2022\/06\/Jeremy-Lagarde.jpg\" alt=\"\" class=\"wp-image-431\" srcset=\"https:\/\/basket-club-estuaire-gironde.fr\/wp-content\/uploads\/2022\/06\/Jeremy-Lagarde.jpg 563w, https:\/\/basket-club-estuaire-gironde.fr\/wp-content\/uploads\/2022\/06\/Jeremy-Lagarde-169x300.jpg 169w\" sizes=\"auto, (max-width: 563px) 100vw, 563px\" \/><figcaption>J\u00e9r\u00e9my&nbsp;&nbsp;LAGARDE<\/figcaption><\/figure>\n\n\n\n<figure class=\"wp-block-image size-large\"><img loading=\"lazy\" decoding=\"async\" width=\"788\" height=\"1050\" data-id=\"433\" src=\"http:\/\/basket-club-estuaire-gironde.fr\/wp-content\/uploads\/2022\/06\/Sabine-Maury.jpg\" alt=\"\" class=\"wp-image-433\" srcset=\"https:\/\/basket-club-estuaire-gironde.fr\/wp-content\/uploads\/2022\/06\/Sabine-Maury.jpg 788w, https:\/\/basket-club-estuaire-gironde.fr\/wp-content\/uploads\/2022\/06\/Sabine-Maury-225x300.jpg 225w, https:\/\/basket-club-estuaire-gironde.fr\/wp-content\/uploads\/2022\/06\/Sabine-Maury-768x1023.jpg 768w\" sizes=\"auto, (max-width: 788px) 100vw, 788px\" \/><figcaption>Sabine MAURY<\/figcaption><\/figure>\n\n\n\n<figure class=\"wp-block-image size-large\"><img loading=\"lazy\" decoding=\"async\" width=\"1440\" height=\"2560\" data-id=\"434\" src=\"http:\/\/basket-club-estuaire-gironde.fr\/wp-content\/uploads\/2022\/06\/virginie-scaled.jpg\" alt=\"\" class=\"wp-image-434\" srcset=\"https:\/\/basket-club-estuaire-gironde.fr\/wp-content\/uploads\/2022\/06\/virginie-scaled.jpg 1440w, https:\/\/basket-club-estuaire-gironde.fr\/wp-content\/uploads\/2022\/06\/virginie-169x300.jpg 169w, https:\/\/basket-club-estuaire-gironde.fr\/wp-content\/uploads\/2022\/06\/virginie-576x1024.jpg 576w, https:\/\/basket-club-estuaire-gironde.fr\/wp-content\/uploads\/2022\/06\/virginie-768x1365.jpg 768w, https:\/\/basket-club-estuaire-gironde.fr\/wp-content\/uploads\/2022\/06\/virginie-864x1536.jpg 864w, https:\/\/basket-club-estuaire-gironde.fr\/wp-content\/uploads\/2022\/06\/virginie-1152x2048.jpg 1152w\" sizes=\"auto, (max-width: 1440px) 100vw, 1440px\" \/><figcaption>Virginie MONIN<\/figcaption><\/figure>\n\n\n\n<figure class=\"wp-block-image size-large\"><img loading=\"lazy\" decoding=\"async\" width=\"250\" height=\"317\" data-id=\"316\" src=\"http:\/\/basket-club-estuaire-gironde.fr\/wp-content\/uploads\/2022\/06\/cropped-image.png\" alt=\"\" class=\"wp-image-316\" srcset=\"https:\/\/basket-club-estuaire-gironde.fr\/wp-content\/uploads\/2022\/06\/cropped-image.png 250w, https:\/\/basket-club-estuaire-gironde.fr\/wp-content\/uploads\/2022\/06\/cropped-image-237x300.png 237w\" sizes=\"auto, (max-width: 250px) 100vw, 250px\" \/><figcaption>Ying VENANCY<\/figcaption><\/figure>\n<\/figure>\n\n\n\n<div class=\"wp-block-media-text alignwide is-stacked-on-mobile\" style=\"grid-template-columns:35% auto\"><figure class=\"wp-block-media-text__media\"><img loading=\"lazy\" decoding=\"async\" width=\"812\" height=\"1000\" src=\"https:\/\/basket-club-estuaire-gironde.fr\/wp-content\/uploads\/2022\/06\/Pouget.jpg\" alt=\"\" class=\"wp-image-435 size-full\" srcset=\"https:\/\/basket-club-estuaire-gironde.fr\/wp-content\/uploads\/2022\/06\/Pouget.jpg 812w, https:\/\/basket-club-estuaire-gironde.fr\/wp-content\/uploads\/2022\/06\/Pouget-244x300.jpg 244w, https:\/\/basket-club-estuaire-gironde.fr\/wp-content\/uploads\/2022\/06\/Pouget-768x946.jpg 768w\" sizes=\"auto, (max-width: 812px) 100vw, 812px\" \/><\/figure><div class=\"wp-block-media-text__content\">\n<p>Mireille POUGET<\/p>\n\n\n\n<p>Membre d&rsquo;honneur du Club<\/p>\n\n\n\n<p> 05.57.32.69.34<\/p>\n\n\n\n<p><a href=\"mailto:maurice.menard@free.fr\">paul.pouget3@wanadoo.fr<\/a><\/p>\n<\/div><\/div>\n","protected":false},"excerpt":{"rendered":"<p>Pr\u00e9sident du Club Christophe SENSACQ 06.82.16.52.62 president.bceg@gmail.com Vice-Pr\u00e9sident AnimationSt\u00e9phane MAURY\u00a0 06.03.95.90.56 maury.stephane33@orange.fr Vice-Pr\u00e9sident SportiveMarguerite OSSEI GOUEZ06.04.42.91.47 marguerite.ossei@gmail.com Tr\u00e9sori\u00e8reKarine PLANCHENAULT 06.25.75.29.74 karine1978.kp@gmail.com \/ bureau.bceg@gmail.com Tr\u00e9sori\u00e8re Adjointe Marie-Nad\u00e8ge\u00a0DAUGA06.88.91.36.48 \u00a0n.dauga@laposte.net Secr\u00e9taire Sandra FAVRE 06.61.57.25.88 secretaire.bceg@gmail.com Secr\u00e9taire Adjointe S\u00e9verine GUERRIER 06. 58. 26. 37. 70 guerrier.severine0746@orange.fr Les membres du comit\u00e9 : Mireille POUGET Membre d&rsquo;honneur du Club 05.57.32.69.34 paul.pouget3@wanadoo.fr<\/p>\n","protected":false},"author":2,"featured_media":0,"parent":304,"menu_order":4,"comment_status":"closed","ping_status":"closed","template":"","meta":{"om_disable_all_campaigns":false,"_mi_skip_tracking":false,"site-sidebar-layout":"default","site-content-layout":"default","ast-global-header-display":"","ast-main-header-display":"","ast-hfb-above-header-display":"","ast-hfb-below-header-display":"","ast-hfb-mobile-header-display":"","site-post-title":"","ast-breadcrumbs-content":"","ast-featured-img":"","footer-sml-layout":"","theme-transparent-header-meta":"","adv-header-id-meta":"","stick-header-meta":"","header-above-stick-meta":"","header-main-stick-meta":"","header-below-stick-meta":"","footnotes":""},"class_list":["post-247","page","type-page","status-publish","hentry"],"aioseo_notices":[],"_links":{"self":[{"href":"https:\/\/basket-club-estuaire-gironde.fr\/index.php?rest_route=\/wp\/v2\/pages\/247","targetHints":{"allow":["GET"]}}],"collection":[{"href":"https:\/\/basket-club-estuaire-gironde.fr\/index.php?rest_route=\/wp\/v2\/pages"}],"about":[{"href":"https:\/\/basket-club-estuaire-gironde.fr\/index.php?rest_route=\/wp\/v2\/types\/page"}],"author":[{"embeddable":true,"href":"https:\/\/basket-club-estuaire-gironde.fr\/index.php?rest_route=\/wp\/v2\/users\/2"}],"replies":[{"embeddable":true,"href":"https:\/\/basket-club-estuaire-gironde.fr\/index.php?rest_route=%2Fwp%2Fv2%2Fcomments&post=247"}],"version-history":[{"count":5,"href":"https:\/\/basket-club-estuaire-gironde.fr\/index.php?rest_route=\/wp\/v2\/pages\/247\/revisions"}],"predecessor-version":[{"id":566,"href":"https:\/\/basket-club-estuaire-gironde.fr\/index.php?rest_route=\/wp\/v2\/pages\/247\/revisions\/566"}],"up":[{"embeddable":true,"href":"https:\/\/basket-club-estuaire-gironde.fr\/index.php?rest_route=\/wp\/v2\/pages\/304"}],"wp:attachment":[{"href":"https:\/\/basket-club-estuaire-gironde.fr\/index.php?rest_route=%2Fwp%2Fv2%2Fmedia&parent=247"}],"curies":[{"name":"wp","href":"https:\/\/api.w.org\/{rel}","templated":true}]}}