{"id":194,"date":"2022-06-12T13:05:22","date_gmt":"2022-06-12T12:05:22","guid":{"rendered":"https:\/\/basket-club-estuaire-gironde.fr\/?page_id=194"},"modified":"2022-09-06T21:38:59","modified_gmt":"2022-09-06T20:38:59","slug":"u15","status":"publish","type":"page","link":"https:\/\/basket-club-estuaire-gironde.fr\/?page_id=194","title":{"rendered":"U15G Minime"},"content":{"rendered":"\n<div class=\"wp-block-media-text alignwide is-stacked-on-mobile\"><figure class=\"wp-block-media-text__media\"><img loading=\"lazy\" decoding=\"async\" width=\"1024\" height=\"1024\" src=\"https:\/\/basket-club-estuaire-gironde.fr\/wp-content\/uploads\/2022\/06\/IMG_20211120_180444_920-1024x1024.jpg\" alt=\"\" class=\"wp-image-369 size-full\" srcset=\"https:\/\/basket-club-estuaire-gironde.fr\/wp-content\/uploads\/2022\/06\/IMG_20211120_180444_920-1024x1024.jpg 1024w, https:\/\/basket-club-estuaire-gironde.fr\/wp-content\/uploads\/2022\/06\/IMG_20211120_180444_920-300x300.jpg 300w, https:\/\/basket-club-estuaire-gironde.fr\/wp-content\/uploads\/2022\/06\/IMG_20211120_180444_920-150x150.jpg 150w, https:\/\/basket-club-estuaire-gironde.fr\/wp-content\/uploads\/2022\/06\/IMG_20211120_180444_920-768x768.jpg 768w, https:\/\/basket-club-estuaire-gironde.fr\/wp-content\/uploads\/2022\/06\/IMG_20211120_180444_920.jpg 1440w\" sizes=\"auto, (max-width: 1024px) 100vw, 1024px\" \/><\/figure><div class=\"wp-block-media-text__content\">\n<p class=\"has-large-font-size\"><\/p>\n<\/div><\/div>\n\n\n\n<figure class=\"wp-block-table\"><table><tbody><tr><td>Coach <\/td><td>Maxime BECHEUX<\/td><td>06.07.63.96.02<\/td><\/tr><tr><td>Responsable d&rsquo;\u00e9quipe <\/td><td>Maxime BECHEUX<\/td><td>06.07.63.96.02<\/td><\/tr><\/tbody><\/table><\/figure>\n\n\n\n<h3 class=\"wp-block-heading\">Bravo \u00e0 cette \u00e9quipe pour avoir gagn\u00e9 la finale de D4 !!!                                                         Ils sont champions de Gironde ! <\/h3>\n\n\n\n<p><\/p>\n\n\n\n<div class=\"wp-block-buttons is-layout-flex wp-block-buttons-is-layout-flex\">\n<div class=\"wp-block-button aligncenter\"><a class=\"wp-block-button__link\" href=\"https:\/\/resultats.ffbb.com\/championnat\/equipe\/2059.html?r=200000002812643&amp;p=200000002917025&amp;d=8281\" target=\"_blank\" rel=\"noreferrer noopener\">matchs et r\u00e9sultats<\/a><\/div>\n<\/div>\n","protected":false},"excerpt":{"rendered":"<p>Coach Maxime BECHEUX 06.07.63.96.02 Responsable d&rsquo;\u00e9quipe Maxime BECHEUX 06.07.63.96.02 Bravo \u00e0 cette \u00e9quipe pour avoir gagn\u00e9 la finale de D4 !!! Ils sont champions de Gironde !<\/p>\n","protected":false},"author":2,"featured_media":0,"parent":310,"menu_order":4,"comment_status":"closed","ping_status":"closed","template":"","meta":{"om_disable_all_campaigns":false,"_mi_skip_tracking":false,"site-sidebar-layout":"default","site-content-layout":"default","ast-global-header-display":"","ast-main-header-display":"","ast-hfb-above-header-display":"","ast-hfb-below-header-display":"","ast-hfb-mobile-header-display":"","site-post-title":"","ast-breadcrumbs-content":"","ast-featured-img":"","footer-sml-layout":"","theme-transparent-header-meta":"","adv-header-id-meta":"","stick-header-meta":"","header-above-stick-meta":"","header-main-stick-meta":"","header-below-stick-meta":"","footnotes":""},"class_list":["post-194","page","type-page","status-publish","hentry"],"aioseo_notices":[],"_links":{"self":[{"href":"https:\/\/basket-club-estuaire-gironde.fr\/index.php?rest_route=\/wp\/v2\/pages\/194","targetHints":{"allow":["GET"]}}],"collection":[{"href":"https:\/\/basket-club-estuaire-gironde.fr\/index.php?rest_route=\/wp\/v2\/pages"}],"about":[{"href":"https:\/\/basket-club-estuaire-gironde.fr\/index.php?rest_route=\/wp\/v2\/types\/page"}],"author":[{"embeddable":true,"href":"https:\/\/basket-club-estuaire-gironde.fr\/index.php?rest_route=\/wp\/v2\/users\/2"}],"replies":[{"embeddable":true,"href":"https:\/\/basket-club-estuaire-gironde.fr\/index.php?rest_route=%2Fwp%2Fv2%2Fcomments&post=194"}],"version-history":[{"count":6,"href":"https:\/\/basket-club-estuaire-gironde.fr\/index.php?rest_route=\/wp\/v2\/pages\/194\/revisions"}],"predecessor-version":[{"id":598,"href":"https:\/\/basket-club-estuaire-gironde.fr\/index.php?rest_route=\/wp\/v2\/pages\/194\/revisions\/598"}],"up":[{"embeddable":true,"href":"https:\/\/basket-club-estuaire-gironde.fr\/index.php?rest_route=\/wp\/v2\/pages\/310"}],"wp:attachment":[{"href":"https:\/\/basket-club-estuaire-gironde.fr\/index.php?rest_route=%2Fwp%2Fv2%2Fmedia&parent=194"}],"curies":[{"name":"wp","href":"https:\/\/api.w.org\/{rel}","templated":true}]}}