{"id":179,"date":"2022-06-12T10:34:22","date_gmt":"2022-06-12T09:34:22","guid":{"rendered":"https:\/\/basket-club-estuaire-gironde.fr\/?page_id=179"},"modified":"2022-09-06T21:33:08","modified_gmt":"2022-09-06T20:33:08","slug":"u7-baby","status":"publish","type":"page","link":"https:\/\/basket-club-estuaire-gironde.fr\/?page_id=179","title":{"rendered":"U7 baby"},"content":{"rendered":"\n<p>Cr\u00e9ation d&rsquo;une section Baby en septembre 2022. Les entra\u00eenements (motricit\u00e9) se d\u00e9roulent le mardi, au gymnase d&rsquo;Etauliers, de 17h \u00e0 18h30<\/p>\n\n\n\n<figure class=\"wp-block-gallery has-nested-images columns-default is-cropped wp-block-gallery-1 is-layout-flex wp-block-gallery-is-layout-flex\">\n<figure class=\"wp-block-image size-large\"><img loading=\"lazy\" decoding=\"async\" width=\"2560\" height=\"1440\" data-id=\"420\" src=\"http:\/\/basket-club-estuaire-gironde.fr\/wp-content\/uploads\/2022\/06\/20191121_1715120-scaled.jpg\" alt=\"\" class=\"wp-image-420\" srcset=\"https:\/\/basket-club-estuaire-gironde.fr\/wp-content\/uploads\/2022\/06\/20191121_1715120-scaled.jpg 2560w, https:\/\/basket-club-estuaire-gironde.fr\/wp-content\/uploads\/2022\/06\/20191121_1715120-300x169.jpg 300w, https:\/\/basket-club-estuaire-gironde.fr\/wp-content\/uploads\/2022\/06\/20191121_1715120-1024x576.jpg 1024w, https:\/\/basket-club-estuaire-gironde.fr\/wp-content\/uploads\/2022\/06\/20191121_1715120-768x432.jpg 768w, https:\/\/basket-club-estuaire-gironde.fr\/wp-content\/uploads\/2022\/06\/20191121_1715120-1536x864.jpg 1536w, https:\/\/basket-club-estuaire-gironde.fr\/wp-content\/uploads\/2022\/06\/20191121_1715120-2048x1152.jpg 2048w\" sizes=\"auto, (max-width: 2560px) 100vw, 2560px\" \/><\/figure>\n\n\n\n<figure class=\"wp-block-image size-large\"><img loading=\"lazy\" decoding=\"async\" width=\"993\" height=\"745\" data-id=\"419\" src=\"http:\/\/basket-club-estuaire-gironde.fr\/wp-content\/uploads\/2022\/06\/BABY.jpg\" alt=\"\" class=\"wp-image-419\" srcset=\"https:\/\/basket-club-estuaire-gironde.fr\/wp-content\/uploads\/2022\/06\/BABY.jpg 993w, https:\/\/basket-club-estuaire-gironde.fr\/wp-content\/uploads\/2022\/06\/BABY-300x225.jpg 300w, https:\/\/basket-club-estuaire-gironde.fr\/wp-content\/uploads\/2022\/06\/BABY-768x576.jpg 768w\" sizes=\"auto, (max-width: 993px) 100vw, 993px\" \/><\/figure>\n<\/figure>\n","protected":false},"excerpt":{"rendered":"<p>Cr\u00e9ation d&rsquo;une section Baby en septembre 2022. Les entra\u00eenements (motricit\u00e9) se d\u00e9roulent le mardi, au gymnase d&rsquo;Etauliers, de 17h \u00e0 18h30<\/p>\n","protected":false},"author":2,"featured_media":0,"parent":307,"menu_order":2,"comment_status":"closed","ping_status":"closed","template":"","meta":{"om_disable_all_campaigns":false,"_mi_skip_tracking":false,"site-sidebar-layout":"default","site-content-layout":"default","ast-global-header-display":"","ast-main-header-display":"","ast-hfb-above-header-display":"","ast-hfb-below-header-display":"","ast-hfb-mobile-header-display":"","site-post-title":"","ast-breadcrumbs-content":"","ast-featured-img":"","footer-sml-layout":"","theme-transparent-header-meta":"","adv-header-id-meta":"","stick-header-meta":"","header-above-stick-meta":"","header-main-stick-meta":"","header-below-stick-meta":"","footnotes":""},"class_list":["post-179","page","type-page","status-publish","hentry"],"aioseo_notices":[],"_links":{"self":[{"href":"https:\/\/basket-club-estuaire-gironde.fr\/index.php?rest_route=\/wp\/v2\/pages\/179","targetHints":{"allow":["GET"]}}],"collection":[{"href":"https:\/\/basket-club-estuaire-gironde.fr\/index.php?rest_route=\/wp\/v2\/pages"}],"about":[{"href":"https:\/\/basket-club-estuaire-gironde.fr\/index.php?rest_route=\/wp\/v2\/types\/page"}],"author":[{"embeddable":true,"href":"https:\/\/basket-club-estuaire-gironde.fr\/index.php?rest_route=\/wp\/v2\/users\/2"}],"replies":[{"embeddable":true,"href":"https:\/\/basket-club-estuaire-gironde.fr\/index.php?rest_route=%2Fwp%2Fv2%2Fcomments&post=179"}],"version-history":[{"count":5,"href":"https:\/\/basket-club-estuaire-gironde.fr\/index.php?rest_route=\/wp\/v2\/pages\/179\/revisions"}],"predecessor-version":[{"id":591,"href":"https:\/\/basket-club-estuaire-gironde.fr\/index.php?rest_route=\/wp\/v2\/pages\/179\/revisions\/591"}],"up":[{"embeddable":true,"href":"https:\/\/basket-club-estuaire-gironde.fr\/index.php?rest_route=\/wp\/v2\/pages\/307"}],"wp:attachment":[{"href":"https:\/\/basket-club-estuaire-gironde.fr\/index.php?rest_route=%2Fwp%2Fv2%2Fmedia&parent=179"}],"curies":[{"name":"wp","href":"https:\/\/api.w.org\/{rel}","templated":true}]}}